{"id":3,"date":"2021-02-17T08:24:21","date_gmt":"2021-02-17T07:24:21","guid":{"rendered":"http:\/\/alorwp.op1\/?page_id=3"},"modified":"2022-02-16T13:18:22","modified_gmt":"2022-02-16T12:18:22","slug":"polityka","status":"publish","type":"page","link":"https:\/\/www.alor.com.pl\/pl\/polityka\/","title":{"rendered":"Polityka prywatno\u015bci"},"content":{"rendered":"<p>W ramach prowadzenia dzia\u0142alno\u015bci gospodarczej Firma Alor jest uprawniona do przetwarzania danych osobowych. Administratorem danych osobowych jest sp\u00f3\u0142ka cywilna ALOR S.C. Miros\u0142aw Roguski, Leszek Roguski, Joanna Roguska z siedzib\u0105 05-506 Kolonia Lesznowola, ul. Post\u0119pu 14A; NIP:5270023692; REGON: 012086067, kt\u00f3rej wsp\u00f3lnicy s\u0105 wpisani do Centralnej Ewidencji i Informacji o Dzia\u0142alno\u015bci Gospodarczej. Podanie danych jest dobrowolne, ale odmowa podania danych mo\u017ce skutkowa\u0107 niemo\u017cliwo\u015bci\u0105 korzystania z us\u0142ug oferowanych przez Firm\u0119 Alor i dokonania zakupu.<\/p>\n<p><b>1. Podstaw\u0105 prawn\u0105 przetwarzania danych osobowych:<\/b><br \/>\n1.1 w celu zawarcia umowy sprzeda\u017cy jest niezb\u0119dno\u015b\u0107 do zawarcia i wykonania tej\u017ce umowy;<br \/>\n1.2 w przypadku zawarcia umowy sprzeda\u017cy detalicznej z podaniem danych osobowych poza ewentualn\u0105 niezb\u0119dno\u015bci\u0105 do zawarcia i wykonania tej\u017ce umowy podstaw\u0105 prawn\u0105 mo\u017ce by\u0107 wyra\u017ana pro\u015bba Klienta o umieszczenie jego danych osobowych na dokumencie sprzeda\u017cy;<br \/>\n1.3 w celu prowadzenia dzia\u0142alno\u015bci gospodarczej jest prawnie uzasadniony interes administratora;<br \/>\n1.4 w celu marketingu bezpo\u015bredniego produkt\u00f3w i us\u0142ug w\u0142asnych administratora oraz dochodzenia roszcze\u0144 z tytu\u0142u zawartej umowy sprzeda\u017cy jest prawnie uzasadniony interes administratora danych osobowych;<br \/>\n1.5 w celu prowadzenia dzia\u0142alno\u015bci gospodarczej zgodnie z prawem s\u0105 ci\u0105\u017c\u0105ce na administratorze danych osobowych obowi\u0105zki wynikaj\u0105ce z przepis\u00f3w prawa;<br \/>\n1.6 w przypadku udzielenia odr\u0119bnej zgody, na cele inne ni\u017c wskazane powy\u017cej, b\u0119dzie ona podstawa prawn\u0105 przetwarzania danych osobowych.<\/p>\n<p><b>2. W przypadku zawarcia umowy sprzeda\u017cy dane osobowe b\u0119d\u0105 przechowywane do momentu wyga\u015bni\u0119cia obowi\u0105zku przechowywania danych, wynikaj\u0105cego z przepis\u00f3w prawa, w szczeg\u00f3lno\u015bci obowi\u0105zku przechowywania dokument\u00f3w ksi\u0119gowych.<\/b><\/p>\n<p><b>3. Firma Alor przetwarza dane osobowe w celu zrealizowania transakcji sprzeda\u017cy (w tym m.in. w celu kontaktowania si\u0119 z Kupuj\u0105cym, by uzgodni\u0107 szczeg\u00f3\u0142y transakcji, w celu dostarczenia Towaru, w celu obs\u0142ugi zg\u0142aszanych reklamacji, w celu obs\u0142ugi technicznej konta w serwisie internetowym).<\/b><\/p>\n<p><b>4. Firma Alor mo\u017ce powierzy\u0107 przetwarzanie danych osobowych innym podmiotom w celu i zakresie niezb\u0119dnym dla prowadzenia dzia\u0142alno\u015bci gospodarczej, na potrzeby czego zosta\u0142y zebrane, a tak\u017ce upowa\u017cnionym organom na podstawie zgodnych z prawem \u017c\u0105da\u0144 w zakresie wynikaj\u0105cym z \u017c\u0105dania. Za inne podmioty przetwarzaj\u0105ce dane osobowe na zlecenie Firmy Alor uwa\u017ca si\u0119 przede wszystkim: dostawc\u00f3w us\u0142ug informatycznych i ksi\u0119gowych, firmy kurierskie.<\/b><\/p>\n<p><b>5. Poni\u017cej znajduj\u0105 si\u0119 szczeg\u00f3\u0142owo opisane prawa os\u00f3b, kt\u00f3rych dane przetwarzane s\u0105 przez Firm\u0119 Alor. Osoba, kt\u00f3rej dane dotycz\u0105 mo\u017ce skontaktowa\u0107 si\u0119 z administratorem danych osobowych:<\/b><br \/>\na. pisemnie, na adres ul. Post\u0119pu 14A, 05-506 Kolonia Lesznowola;<br \/>\nb. telefonicznie, pod numerem: 22 620 23 17;<br \/>\nc. mailowo, na adres: alor@alor.com.pl<\/p>\n<p><b>6. Prawa os\u00f3b, kt\u00f3rych dane przetwarzane s\u0105 przez Firm\u0119 Alor<\/b><\/p>\n<p><b>6.1. Prawo dost\u0119pu do danych<\/b><br \/>\nOsoba ma prawo za\u017c\u0105da\u0107 informacji o tym, kt\u00f3re jej dane osobowe s\u0105 przechowywane i poprosi\u0107 o kopi\u0119 tych danych.<\/p>\n<p><b>6.2. Prawo do poprawiania danych<\/b><br \/>\nOsoba ma prawo za\u017c\u0105da\u0107 poprawienia danych osobowych, je\u015bli s\u0105 one niepoprawne, a tak\u017ce do uzupe\u0142nienia niekompletnych danych.<\/p>\n<p><b>6.3. Prawo do \u017c\u0105dania usuni\u0119cia danych<\/b><br \/>\nOsoba ma prawo usun\u0105\u0107 jakiekolwiek dane przetwarzane przez Firm\u0119 Alor, z wyj\u0105tkiem nast\u0119puj\u0105cych sytuacji:<br \/>\na. posiadanie otwartego zam\u00f3wienie, kt\u00f3re nie zosta\u0142o jeszcze zrealizowane;<br \/>\nb. posiadanie nieuregulowanego d\u0142ugu wobec Firmy Alor;<br \/>\nc. gdy przetwarzanie danych osobowych dotycz\u0105cych transakcji wynika z przepis\u00f3w prawa, w szczeg\u00f3lno\u015bci obowi\u0105zku przechowywania dokument\u00f3w ksi\u0119gowych.<\/p>\n<p><b>6.4. Prawo do ograniczenia przetwarzania danych<\/b><br \/>\nOsoba ma prawo za\u017c\u0105da\u0107, by Firma Alor ograniczy\u0142a przetwarzanie jej danych osobowych wy\u0142\u0105cznie do ich przechowywania lub wykonywania uzgodnionych dzia\u0142a\u0144.<\/p>\n<p><b>6.5. Prawo do wniesienia sprzeciwu wobec przetwarzania danych<\/b><br \/>\nOsoba ma prawo sprzeciwu wobec przetwarzania swoich danych osobowych w celu prowadzenia marketingu bezpo\u015bredniego. Osoba ma tak\u017ce prawo sprzeciwu wobec przetwarzania danych na podstawie prawnie uzasadnionego interesu w celach innych ni\u017c marketing bezpo\u015bredni, a tak\u017ce, gdy przetwarzanie jest niezb\u0119dne do wykonania zadania realizowanego w interesie publicznym lub do sprawowania powierzonej Firmie Alor w\u0142adzy publicznej. Powinno si\u0119 w\u00f3wczas wskaza\u0107 szczeg\u00f3ln\u0105 sytuacj\u0119, kt\u00f3ra uzasadnia zaprzestanie przez Firm\u0119 Alor przetwarzania obj\u0119tego sprzeciwem. Firma Alor przestanie przetwarza\u0107 dane w tych celach, chyba \u017ce wyka\u017ce, \u017ce podstawy przetwarzania danych s\u0105 nadrz\u0119dne wobec praw osoby lub te\u017c, \u017ce dane osoby s\u0105 niezb\u0119dne do ustalenia, dochodzenia lub obrony roszcze\u0144.<\/p>\n<p><b>6.6. Prawo do przenoszenia danych<\/b><br \/>\nOsoba ma prawo otrzyma\u0107 od Firmy Alor w ustrukturyzowanym, powszechnie u\u017cywanym formacie nadaj\u0105cym si\u0119 do odczytu maszynowego swoje dane osobowe, kt\u00f3re zosta\u0142y dostarczone Firmie Alor na podstawie umowy lub zgody osoby. Osoba mo\u017ce tak\u017ce zleci\u0107 Firmie Alor przes\u0142anie danych bezpo\u015brednio innemu podmiotowi.<\/p>\n<p><b>6.7. Prawo do cofni\u0119cia zgody<\/b><br \/>\nW ka\u017cdej chwili osoba ma prawo cofn\u0105\u0107 zgod\u0119 na przetwarzanie swoich danych osobowych. Cofni\u0119cie zgody nie b\u0119dzie wp\u0142ywa\u0107 na zgodno\u015b\u0107 z prawem przetwarzania, kt\u00f3rego dokonano na podstawie zgody przed jej wycofaniem.<\/p>\n<p><b>6.8. Prawo do niewyra\u017cenia zgody na przetwarzanie danych osobowych<\/b><br \/>\nOsoba ma prawo do niewyra\u017cenia zgody na przetwarzanie swoich danych osobowych na podstawie uzasadnionego interesu. Firma Alor zaprzestanie przetwarzania danych osobowych, chyba \u017ce b\u0119dzie w stanie znale\u017a\u0107 zgodne z prawem uzasadnienie tego procesu, kt\u00f3re uniewa\u017cni interes lub prawa osoby lub z powodu roszcze\u0144 prawnych.<\/p>\n<p><b>6.9. Prawo zg\u0142oszenia skargi w organie nadzorczym<\/b><br \/>\nJe\u015bli osoba uwa\u017ca, \u017ce Firma Alor przetwarza dane osobowe w niew\u0142a\u015bciwy spos\u00f3b, mo\u017ce on skontaktowa\u0107 si\u0119 z Firm\u0105 Alor. Osoba ma te\u017c prawo z\u0142o\u017cy\u0107 skarg\u0119 do Prezesa Urz\u0119du Ochrony Danych Osobowych lub innego organu nadzorczego.<\/p>\n","protected":false},"excerpt":{"rendered":"<p>W ramach prowadzenia dzia\u0142alno\u015bci gospodarczej Firma Alor jest uprawniona do przetwarzania danych osobowych. Administratorem danych osobowych jest sp\u00f3\u0142ka cywilna ALOR S.C. Miros\u0142aw Roguski, Leszek Roguski, Joanna Roguska z siedzib\u0105 05-506 Kolonia Lesznowola, ul. Post\u0119pu 14A; NIP:5270023692; REGON: 012086067, kt\u00f3rej wsp\u00f3lnicy s\u0105 wpisani do Centralnej Ewidencji i Informacji o Dzia\u0142alno\u015bci Gospodarczej. Podanie danych jest dobrowolne, ale [&hellip;]<\/p>\n","protected":false},"author":1,"featured_media":0,"parent":0,"menu_order":9,"comment_status":"closed","ping_status":"open","template":"tmpl-privacy.php","meta":{"footnotes":""},"class_list":["post-3","page","type-page","status-publish","hentry"],"yoast_head":"<!-- This site is optimized with the Yoast SEO plugin v15.8 - https:\/\/yoast.com\/wordpress\/plugins\/seo\/ -->\n<title>Polityka prywatno\u015bci - ALOR - liny, \u0142a\u0144cuchy, zawiesia, po\u0144czochy kablowe<\/title>\n<meta name=\"robots\" content=\"index, follow, max-snippet:-1, max-image-preview:large, max-video-preview:-1\" \/>\n<link rel=\"canonical\" href=\"https:\/\/www.alor.com.pl\/pl\/polityka\/\" \/>\n<meta property=\"og:locale\" content=\"pl_PL\" \/>\n<meta property=\"og:type\" content=\"article\" \/>\n<meta property=\"og:title\" content=\"Polityka prywatno\u015bci - ALOR - liny, \u0142a\u0144cuchy, zawiesia, po\u0144czochy kablowe\" \/>\n<meta property=\"og:description\" content=\"W ramach prowadzenia dzia\u0142alno\u015bci gospodarczej Firma Alor jest uprawniona do przetwarzania danych osobowych. Administratorem danych osobowych jest sp\u00f3\u0142ka cywilna ALOR S.C. Miros\u0142aw Roguski, Leszek Roguski, Joanna Roguska z siedzib\u0105 05-506 Kolonia Lesznowola, ul. Post\u0119pu 14A; NIP:5270023692; REGON: 012086067, kt\u00f3rej wsp\u00f3lnicy s\u0105 wpisani do Centralnej Ewidencji i Informacji o Dzia\u0142alno\u015bci Gospodarczej. Podanie danych jest dobrowolne, ale [&hellip;]\" \/>\n<meta property=\"og:url\" content=\"https:\/\/www.alor.com.pl\/pl\/polityka\/\" \/>\n<meta property=\"og:site_name\" content=\"ALOR - liny, \u0142a\u0144cuchy, zawiesia, po\u0144czochy kablowe\" \/>\n<meta property=\"article:modified_time\" content=\"2022-02-16T12:18:22+00:00\" \/>\n<meta name=\"twitter:card\" content=\"summary_large_image\" \/>\n<meta name=\"twitter:label1\" content=\"Est. reading time\">\n\t<meta name=\"twitter:data1\" content=\"4 minuty\">\n<script type=\"application\/ld+json\" class=\"yoast-schema-graph\">{\"@context\":\"https:\/\/schema.org\",\"@graph\":[{\"@type\":\"WebSite\",\"@id\":\"https:\/\/www.alor.com.pl\/en\/#website\",\"url\":\"https:\/\/www.alor.com.pl\/en\/\",\"name\":\"ALOR - liny, \\u0142a\\u0144cuchy, zawiesia, po\\u0144czochy kablowe\",\"description\":\"\",\"potentialAction\":[{\"@type\":\"SearchAction\",\"target\":\"https:\/\/www.alor.com.pl\/en\/?s={search_term_string}\",\"query-input\":\"required name=search_term_string\"}],\"inLanguage\":\"pl-PL\"},{\"@type\":\"WebPage\",\"@id\":\"https:\/\/www.alor.com.pl\/pl\/polityka\/#webpage\",\"url\":\"https:\/\/www.alor.com.pl\/pl\/polityka\/\",\"name\":\"Polityka prywatno\\u015bci - ALOR - liny, \\u0142a\\u0144cuchy, zawiesia, po\\u0144czochy kablowe\",\"isPartOf\":{\"@id\":\"https:\/\/www.alor.com.pl\/en\/#website\"},\"datePublished\":\"2021-02-17T07:24:21+00:00\",\"dateModified\":\"2022-02-16T12:18:22+00:00\",\"breadcrumb\":{\"@id\":\"https:\/\/www.alor.com.pl\/pl\/polityka\/#breadcrumb\"},\"inLanguage\":\"pl-PL\",\"potentialAction\":[{\"@type\":\"ReadAction\",\"target\":[\"https:\/\/www.alor.com.pl\/pl\/polityka\/\"]}]},{\"@type\":\"BreadcrumbList\",\"@id\":\"https:\/\/www.alor.com.pl\/pl\/polityka\/#breadcrumb\",\"itemListElement\":[{\"@type\":\"ListItem\",\"position\":1,\"item\":{\"@type\":\"WebPage\",\"@id\":\"https:\/\/www.alor.com.pl\/pl\/\",\"url\":\"https:\/\/www.alor.com.pl\/pl\/\",\"name\":\"Strona g\\u0142\\u00f3wna\"}},{\"@type\":\"ListItem\",\"position\":2,\"item\":{\"@type\":\"WebPage\",\"@id\":\"https:\/\/www.alor.com.pl\/pl\/polityka\/\",\"url\":\"https:\/\/www.alor.com.pl\/pl\/polityka\/\",\"name\":\"Polityka prywatno\\u015bci\"}}]}]}<\/script>\n<!-- \/ Yoast SEO plugin. -->","_links":{"self":[{"href":"https:\/\/www.alor.com.pl\/pl\/wp-json\/wp\/v2\/pages\/3","targetHints":{"allow":["GET"]}}],"collection":[{"href":"https:\/\/www.alor.com.pl\/pl\/wp-json\/wp\/v2\/pages"}],"about":[{"href":"https:\/\/www.alor.com.pl\/pl\/wp-json\/wp\/v2\/types\/page"}],"author":[{"embeddable":true,"href":"https:\/\/www.alor.com.pl\/pl\/wp-json\/wp\/v2\/users\/1"}],"replies":[{"embeddable":true,"href":"https:\/\/www.alor.com.pl\/pl\/wp-json\/wp\/v2\/comments?post=3"}],"version-history":[{"count":7,"href":"https:\/\/www.alor.com.pl\/pl\/wp-json\/wp\/v2\/pages\/3\/revisions"}],"predecessor-version":[{"id":1898,"href":"https:\/\/www.alor.com.pl\/pl\/wp-json\/wp\/v2\/pages\/3\/revisions\/1898"}],"wp:attachment":[{"href":"https:\/\/www.alor.com.pl\/pl\/wp-json\/wp\/v2\/media?parent=3"}],"curies":[{"name":"wp","href":"https:\/\/api.w.org\/{rel}","templated":true}]}}