{"id":2909,"date":"2025-01-29T12:15:33","date_gmt":"2025-01-29T11:15:33","guid":{"rendered":"https:\/\/www.alor.com.pl\/?page_id=2909"},"modified":"2025-11-27T11:39:43","modified_gmt":"2025-11-27T10:39:43","slug":"atesty","status":"publish","type":"page","link":"https:\/\/www.alor.com.pl\/pl\/atesty\/","title":{"rendered":"Instrukcje u\u017cytkowania"},"content":{"rendered":"<p><strong><span style=\"color: #000000;\">\u0141A\u0143CUCHY PN-EN 818-2 klasa 8<\/span><\/strong><\/p>\n<p><a href=\"https:\/\/www.alor.com.pl\/wp-content\/uploads\/2025\/11\/LANE-lancuch-do-zawiesi-1.pdf\">\u0141ANE &#8211; \u0142a\u0144cuch do zawiesi<\/a><\/p>\n<p><strong><span style=\"color: #000000;\">\u0141A\u0143CUCHY PN-EN 818-2 klasa 10<\/span><\/strong><\/p>\n<p><a href=\"https:\/\/www.alor.com.pl\/wp-content\/uploads\/2025\/11\/XLANE-lancuch-do-zawiesi.pdf\">X\u0141ANE &#8211; \u0142a\u0144cuch do zawiesi<\/a><\/p>\n<p><a href=\"https:\/\/www.alor.com.pl\/wp-content\/uploads\/2025\/11\/XLANEB-lancuch-do-zawiesi-niebieski.pdf\">X\u0141ANEB &#8211; \u0142a\u0144cuch do zawiesi (niebieski)<\/a><\/p>\n<hr \/>\n<p><span style=\"color: #000000;\"><strong>OGNIWA PN-EN 1677 klasa 8<\/strong><\/span><\/p>\n<p><a href=\"https:\/\/www.alor.com.pl\/wp-content\/uploads\/2025\/11\/OGA-ogniwo-A-do-zawiesi-1-i-2-ciegnowych-1.pdf\">OGA &#8211; ogniwo A do zawiesi 1 i 2 -ci\u0119gnowych<\/a><\/p>\n<p><a href=\"https:\/\/www.alor.com.pl\/wp-content\/uploads\/2025\/11\/OGM-ogniwo-M-do-zawiesi-3-i-4-ciegnowych-1.pdf\">OGM &#8211; ogniwo M do zawiesi 3 i 4 -ci\u0119gnowych<\/a><\/p>\n<p><a href=\"https:\/\/www.alor.com.pl\/wp-content\/uploads\/2025\/11\/LCON-lacznik-do-lancucha.pdf\">\u0141CON &#8211; \u0142\u0105cznik do \u0142a\u0144cucha<\/a><\/p>\n<p><span style=\"color: #000000;\"><strong>OGNIWA PN-EN 1677 klasa 10<\/strong><\/span><\/p>\n<p><a href=\"https:\/\/www.alor.com.pl\/wp-content\/uploads\/2025\/11\/XOGA-ogniwo-A-do-zawiesi-1-i-2-ciegnowych.pdf\">XOGA &#8211; ogniwo A do zawiesi 1 i 2 -ci\u0119gnowych<\/a><\/p>\n<p><a href=\"https:\/\/www.alor.com.pl\/wp-content\/uploads\/2025\/11\/XOGM-ogniwo-M-do-zawiesi-3-i-4-ciegnowych.pdf\">XOGM &#8211; ogniwo M do zawiesi 3 i 4 -ci\u0119gnowych<\/a><\/p>\n<p><a href=\"https:\/\/www.alor.com.pl\/wp-content\/uploads\/2025\/11\/XLCON-lacznik-do-lancucha.pdf\">X\u0141CON &#8211; \u0142\u0105cznik do \u0142a\u0144cucha<\/a><\/p>\n<hr \/>\n<p><span style=\"color: #000000;\"><strong>HAKI PN-EN 1677 klasa 8<\/strong><\/span><\/p>\n<p><a href=\"https:\/\/www.alor.com.pl\/wp-content\/uploads\/2025\/11\/HLA-hak-oczkowy-1.pdf\">HLA &#8211; hak oczkowy<\/a><\/p>\n<p><a href=\"https:\/\/www.alor.com.pl\/wp-content\/uploads\/2025\/11\/HOA-hak-obrotowy-1.pdf\">HOA &#8211; hak obrotowy<\/a><\/p>\n<p><a href=\"https:\/\/www.alor.com.pl\/wp-content\/uploads\/2025\/11\/HL-hak-lancuchowy-1.pdf\">H\u0141 &#8211; hak \u0142a\u0144cuchowy<\/a><\/p>\n<p><a href=\"https:\/\/www.alor.com.pl\/wp-content\/uploads\/2025\/11\/HBA-hak-bezpieczny-oczkowy.pdf\">HBA &#8211; hak bezpieczny oczkowy<\/a><\/p>\n<p><a href=\"https:\/\/www.alor.com.pl\/wp-content\/uploads\/2025\/11\/HBL-hak-bezpieczny-lancuchowy-1.pdf\">HB\u0141 &#8211; hak bezpieczny \u0142a\u0144cuchowy<\/a><\/p>\n<p><a href=\"https:\/\/www.alor.com.pl\/wp-content\/uploads\/2025\/11\/HS-hak-skracajacy-1.pdf\">HS &#8211; hak skracaj\u0105cy<\/a><\/p>\n<p><a href=\"https:\/\/www.alor.com.pl\/wp-content\/uploads\/2025\/11\/HK-hak-kontenerowy-1.pdf\">HK &#8211; hak kontenerowy<\/a><\/p>\n<p><span style=\"color: #000000;\"><strong>HAKI PN-EN 1677 klasa 10<\/strong><\/span><\/p>\n<p><a href=\"https:\/\/www.alor.com.pl\/wp-content\/uploads\/2025\/11\/XHL-hak-lancuchowy.pdf\">XH\u0141 &#8211; hak \u0142a\u0144cuchowy<\/a><\/p>\n<p><a href=\"https:\/\/www.alor.com.pl\/wp-content\/uploads\/2025\/11\/XHBL-hak-bezpieczny-lancuchowy.pdf\">XHB\u0141 &#8211; hak bezpieczny \u0142a\u0144cuchowy<\/a><\/p>\n<p><a href=\"https:\/\/www.alor.com.pl\/wp-content\/uploads\/2025\/11\/XHS-hak-skracajacy.pdf\">XHS &#8211; hak skracaj\u0105cy<\/a><\/p>\n<hr \/>\n<p><span style=\"color: #000000;\"><strong>NAPINACZE GRZECHOTKOWE PN-EN 12195-3 klasa 8<\/strong><\/span><\/p>\n<p><a href=\"https:\/\/www.alor.com.pl\/wp-content\/uploads\/2025\/01\/LNAP-napinacz-grzechotkowy.pdf\">\u0141NAP &#8211; napinacz grzechotkowy<\/a><\/p>\n<p><a href=\"https:\/\/www.alor.com.pl\/wp-content\/uploads\/2025\/01\/LNAPZ-napinacz-grzechotkowy-powiekszony.pdf\">\u0141NAPZ &#8211; napinacz grzechotkowy (powi\u0119kszony)<\/a><\/p>\n<hr \/>\n<p><span style=\"color: #000000;\"><strong>SZAKLE PN-EN 13889 klasa 6<\/strong><\/span><\/p>\n<p><a href=\"https:\/\/www.alor.com.pl\/wp-content\/uploads\/2025\/11\/SZAQA-SZAQC-szakla-okragla-omega.pdf\">SZAQA, SZAQC &#8211; szakla okr\u0105g\u0142a (omega)<\/a><\/p>\n<p><a href=\"https:\/\/www.alor.com.pl\/wp-content\/uploads\/2025\/11\/SZAWA-SZAWC-szakla-podluzna-prosta.pdf\">SZAWA, SZAWC &#8211; szakla pod\u0142u\u017cna (prosta)<\/a><\/p>\n<hr \/>\n<p><span style=\"color: #000000;\"><strong>ZAWIESIA \u0141A\u0143CUCHOWE PN-EN 818-4 klasa 8<\/strong><\/span><\/p>\n<p><a href=\"https:\/\/www.alor.com.pl\/wp-content\/uploads\/2025\/05\/ZL-zawiesia-lancuchowe.pdf\">Z\u0141 &#8211; zawiesia \u0142a\u0144cuchowe<\/a><\/p>\n<p><span style=\"color: #000000;\"><strong>ODCI\u0104GI \u0141A\u0143CUCHOWE PN-EN 12195-3 klasa 8<\/strong><\/span><\/p>\n<p><a href=\"https:\/\/www.alor.com.pl\/wp-content\/uploads\/2025\/01\/ODC-odciagi-lancuchowe.pdf\">ODC &#8211; odci\u0105gi \u0142a\u0144cuchowe<\/a><\/p>\n<hr \/>\n<p>&nbsp;<\/p>\n","protected":false},"excerpt":{"rendered":"<p>\u0141A\u0143CUCHY PN-EN 818-2 klasa 8 \u0141ANE &#8211; \u0142a\u0144cuch do zawiesi \u0141A\u0143CUCHY PN-EN 818-2 klasa 10 X\u0141ANE &#8211; \u0142a\u0144cuch do zawiesi X\u0141ANEB &#8211; \u0142a\u0144cuch do zawiesi (niebieski) OGNIWA PN-EN 1677 klasa 8 OGA &#8211; ogniwo A do zawiesi 1 i 2 -ci\u0119gnowych OGM &#8211; ogniwo M do zawiesi 3 i 4 -ci\u0119gnowych \u0141CON &#8211; \u0142\u0105cznik do [&hellip;]<\/p>\n","protected":false},"author":1,"featured_media":0,"parent":0,"menu_order":15,"comment_status":"closed","ping_status":"closed","template":"tmpl-offer.php","meta":{"footnotes":""},"class_list":["post-2909","page","type-page","status-publish","hentry"],"yoast_head":"<!-- This site is optimized with the Yoast SEO plugin v15.8 - https:\/\/yoast.com\/wordpress\/plugins\/seo\/ -->\n<title>Instrukcje u\u017cytkowania - ALOR - liny, \u0142a\u0144cuchy, zawiesia, po\u0144czochy kablowe<\/title>\n<meta name=\"robots\" content=\"index, follow, max-snippet:-1, max-image-preview:large, max-video-preview:-1\" \/>\n<link rel=\"canonical\" href=\"https:\/\/www.alor.com.pl\/pl\/atesty\/\" \/>\n<meta property=\"og:locale\" content=\"pl_PL\" \/>\n<meta property=\"og:type\" content=\"article\" \/>\n<meta property=\"og:title\" content=\"Instrukcje u\u017cytkowania - ALOR - liny, \u0142a\u0144cuchy, zawiesia, po\u0144czochy kablowe\" \/>\n<meta property=\"og:description\" content=\"\u0141A\u0143CUCHY PN-EN 818-2 klasa 8 \u0141ANE &#8211; \u0142a\u0144cuch do zawiesi \u0141A\u0143CUCHY PN-EN 818-2 klasa 10 X\u0141ANE &#8211; \u0142a\u0144cuch do zawiesi X\u0141ANEB &#8211; \u0142a\u0144cuch do zawiesi (niebieski) OGNIWA PN-EN 1677 klasa 8 OGA &#8211; ogniwo A do zawiesi 1 i 2 -ci\u0119gnowych OGM &#8211; ogniwo M do zawiesi 3 i 4 -ci\u0119gnowych \u0141CON &#8211; \u0142\u0105cznik do [&hellip;]\" \/>\n<meta property=\"og:url\" content=\"https:\/\/www.alor.com.pl\/pl\/atesty\/\" \/>\n<meta property=\"og:site_name\" content=\"ALOR - liny, \u0142a\u0144cuchy, zawiesia, po\u0144czochy kablowe\" \/>\n<meta property=\"article:modified_time\" content=\"2025-11-27T10:39:43+00:00\" \/>\n<meta name=\"twitter:card\" content=\"summary_large_image\" \/>\n<meta name=\"twitter:label1\" content=\"Est. reading time\">\n\t<meta name=\"twitter:data1\" content=\"1 minuta\">\n<script type=\"application\/ld+json\" class=\"yoast-schema-graph\">{\"@context\":\"https:\/\/schema.org\",\"@graph\":[{\"@type\":\"WebSite\",\"@id\":\"https:\/\/www.alor.com.pl\/en\/#website\",\"url\":\"https:\/\/www.alor.com.pl\/en\/\",\"name\":\"ALOR - liny, \\u0142a\\u0144cuchy, zawiesia, po\\u0144czochy kablowe\",\"description\":\"\",\"potentialAction\":[{\"@type\":\"SearchAction\",\"target\":\"https:\/\/www.alor.com.pl\/en\/?s={search_term_string}\",\"query-input\":\"required name=search_term_string\"}],\"inLanguage\":\"pl-PL\"},{\"@type\":\"WebPage\",\"@id\":\"https:\/\/www.alor.com.pl\/pl\/atesty\/#webpage\",\"url\":\"https:\/\/www.alor.com.pl\/pl\/atesty\/\",\"name\":\"Instrukcje u\\u017cytkowania - ALOR - liny, \\u0142a\\u0144cuchy, zawiesia, po\\u0144czochy kablowe\",\"isPartOf\":{\"@id\":\"https:\/\/www.alor.com.pl\/en\/#website\"},\"datePublished\":\"2025-01-29T11:15:33+00:00\",\"dateModified\":\"2025-11-27T10:39:43+00:00\",\"breadcrumb\":{\"@id\":\"https:\/\/www.alor.com.pl\/pl\/atesty\/#breadcrumb\"},\"inLanguage\":\"pl-PL\",\"potentialAction\":[{\"@type\":\"ReadAction\",\"target\":[\"https:\/\/www.alor.com.pl\/pl\/atesty\/\"]}]},{\"@type\":\"BreadcrumbList\",\"@id\":\"https:\/\/www.alor.com.pl\/pl\/atesty\/#breadcrumb\",\"itemListElement\":[{\"@type\":\"ListItem\",\"position\":1,\"item\":{\"@type\":\"WebPage\",\"@id\":\"https:\/\/www.alor.com.pl\/pl\/\",\"url\":\"https:\/\/www.alor.com.pl\/pl\/\",\"name\":\"Strona g\\u0142\\u00f3wna\"}},{\"@type\":\"ListItem\",\"position\":2,\"item\":{\"@type\":\"WebPage\",\"@id\":\"https:\/\/www.alor.com.pl\/pl\/atesty\/\",\"url\":\"https:\/\/www.alor.com.pl\/pl\/atesty\/\",\"name\":\"Instrukcje u\\u017cytkowania\"}}]}]}<\/script>\n<!-- \/ Yoast SEO plugin. -->","_links":{"self":[{"href":"https:\/\/www.alor.com.pl\/pl\/wp-json\/wp\/v2\/pages\/2909","targetHints":{"allow":["GET"]}}],"collection":[{"href":"https:\/\/www.alor.com.pl\/pl\/wp-json\/wp\/v2\/pages"}],"about":[{"href":"https:\/\/www.alor.com.pl\/pl\/wp-json\/wp\/v2\/types\/page"}],"author":[{"embeddable":true,"href":"https:\/\/www.alor.com.pl\/pl\/wp-json\/wp\/v2\/users\/1"}],"replies":[{"embeddable":true,"href":"https:\/\/www.alor.com.pl\/pl\/wp-json\/wp\/v2\/comments?post=2909"}],"version-history":[{"count":77,"href":"https:\/\/www.alor.com.pl\/pl\/wp-json\/wp\/v2\/pages\/2909\/revisions"}],"predecessor-version":[{"id":3560,"href":"https:\/\/www.alor.com.pl\/pl\/wp-json\/wp\/v2\/pages\/2909\/revisions\/3560"}],"wp:attachment":[{"href":"https:\/\/www.alor.com.pl\/pl\/wp-json\/wp\/v2\/media?parent=2909"}],"curies":[{"name":"wp","href":"https:\/\/api.w.org\/{rel}","templated":true}]}}