{"id":25,"date":"2021-02-17T10:36:55","date_gmt":"2021-02-17T09:36:55","guid":{"rendered":"http:\/\/alorwp.op1\/?page_id=25"},"modified":"2022-03-02T12:13:21","modified_gmt":"2022-03-02T11:13:21","slug":"kontakt","status":"publish","type":"page","link":"https:\/\/www.alor.com.pl\/pl\/kontakt\/","title":{"rendered":"Kontakt"},"content":{"rendered":"<ul>\n<li><strong>Dzia\u0142 sprzeda\u017cy<\/strong>:<\/li>\n<li>pon-pt: 7:00 &#8211; 17:00<\/li>\n<\/ul>\n<ul>\n<li>ul. Post\u0119pu 14A<\/li>\n<li>05-506 Kolonia Lesznowola<\/li>\n<\/ul>\n<ul>\n<li>tel.: <a href=\"tel:22-620-23-17\">22 620 23 17<\/a><\/li>\n<li>email: <a href=\"mailto:alor@alor.com.pl\">alor@alor.com.pl<\/a><\/li>\n<\/ul>\n<p><b>Zapraszamy!<\/b><\/p>\n","protected":false},"excerpt":{"rendered":"<p>Dzia\u0142 sprzeda\u017cy: pon-pt: 7:00 &#8211; 17:00 ul. Post\u0119pu 14A 05-506 Kolonia Lesznowola tel.: 22 620 23 17 email: alor@alor.com.pl Zapraszamy!<\/p>\n","protected":false},"author":1,"featured_media":0,"parent":0,"menu_order":14,"comment_status":"closed","ping_status":"closed","template":"tmpl-contact.php","meta":{"footnotes":""},"class_list":["post-25","page","type-page","status-publish","hentry"],"yoast_head":"<!-- This site is optimized with the Yoast SEO plugin v15.8 - https:\/\/yoast.com\/wordpress\/plugins\/seo\/ -->\n<title>Kontakt - ALOR - liny, \u0142a\u0144cuchy, zawiesia, po\u0144czochy kablowe<\/title>\n<meta name=\"robots\" content=\"index, follow, max-snippet:-1, max-image-preview:large, max-video-preview:-1\" \/>\n<link rel=\"canonical\" href=\"https:\/\/www.alor.com.pl\/pl\/kontakt\/\" \/>\n<meta property=\"og:locale\" content=\"pl_PL\" \/>\n<meta property=\"og:type\" content=\"article\" \/>\n<meta property=\"og:title\" content=\"Kontakt - ALOR - liny, \u0142a\u0144cuchy, zawiesia, po\u0144czochy kablowe\" \/>\n<meta property=\"og:description\" content=\"Dzia\u0142 sprzeda\u017cy: pon-pt: 7:00 &#8211; 17:00 ul. Post\u0119pu 14A 05-506 Kolonia Lesznowola tel.: 22 620 23 17 email: alor@alor.com.pl Zapraszamy!\" \/>\n<meta property=\"og:url\" content=\"https:\/\/www.alor.com.pl\/pl\/kontakt\/\" \/>\n<meta property=\"og:site_name\" content=\"ALOR - liny, \u0142a\u0144cuchy, zawiesia, po\u0144czochy kablowe\" \/>\n<meta property=\"article:modified_time\" content=\"2022-03-02T11:13:21+00:00\" \/>\n<meta name=\"twitter:card\" content=\"summary_large_image\" \/>\n<meta name=\"twitter:label1\" content=\"Est. reading time\">\n\t<meta name=\"twitter:data1\" content=\"1 minuta\">\n<script type=\"application\/ld+json\" class=\"yoast-schema-graph\">{\"@context\":\"https:\/\/schema.org\",\"@graph\":[{\"@type\":\"WebSite\",\"@id\":\"https:\/\/www.alor.com.pl\/en\/#website\",\"url\":\"https:\/\/www.alor.com.pl\/en\/\",\"name\":\"ALOR - liny, \\u0142a\\u0144cuchy, zawiesia, po\\u0144czochy kablowe\",\"description\":\"\",\"potentialAction\":[{\"@type\":\"SearchAction\",\"target\":\"https:\/\/www.alor.com.pl\/en\/?s={search_term_string}\",\"query-input\":\"required name=search_term_string\"}],\"inLanguage\":\"pl-PL\"},{\"@type\":\"WebPage\",\"@id\":\"https:\/\/www.alor.com.pl\/pl\/kontakt\/#webpage\",\"url\":\"https:\/\/www.alor.com.pl\/pl\/kontakt\/\",\"name\":\"Kontakt - ALOR - liny, \\u0142a\\u0144cuchy, zawiesia, po\\u0144czochy kablowe\",\"isPartOf\":{\"@id\":\"https:\/\/www.alor.com.pl\/en\/#website\"},\"datePublished\":\"2021-02-17T09:36:55+00:00\",\"dateModified\":\"2022-03-02T11:13:21+00:00\",\"breadcrumb\":{\"@id\":\"https:\/\/www.alor.com.pl\/pl\/kontakt\/#breadcrumb\"},\"inLanguage\":\"pl-PL\",\"potentialAction\":[{\"@type\":\"ReadAction\",\"target\":[\"https:\/\/www.alor.com.pl\/pl\/kontakt\/\"]}]},{\"@type\":\"BreadcrumbList\",\"@id\":\"https:\/\/www.alor.com.pl\/pl\/kontakt\/#breadcrumb\",\"itemListElement\":[{\"@type\":\"ListItem\",\"position\":1,\"item\":{\"@type\":\"WebPage\",\"@id\":\"https:\/\/www.alor.com.pl\/pl\/\",\"url\":\"https:\/\/www.alor.com.pl\/pl\/\",\"name\":\"Strona g\\u0142\\u00f3wna\"}},{\"@type\":\"ListItem\",\"position\":2,\"item\":{\"@type\":\"WebPage\",\"@id\":\"https:\/\/www.alor.com.pl\/pl\/kontakt\/\",\"url\":\"https:\/\/www.alor.com.pl\/pl\/kontakt\/\",\"name\":\"Kontakt\"}}]}]}<\/script>\n<!-- \/ Yoast SEO plugin. -->","_links":{"self":[{"href":"https:\/\/www.alor.com.pl\/pl\/wp-json\/wp\/v2\/pages\/25","targetHints":{"allow":["GET"]}}],"collection":[{"href":"https:\/\/www.alor.com.pl\/pl\/wp-json\/wp\/v2\/pages"}],"about":[{"href":"https:\/\/www.alor.com.pl\/pl\/wp-json\/wp\/v2\/types\/page"}],"author":[{"embeddable":true,"href":"https:\/\/www.alor.com.pl\/pl\/wp-json\/wp\/v2\/users\/1"}],"replies":[{"embeddable":true,"href":"https:\/\/www.alor.com.pl\/pl\/wp-json\/wp\/v2\/comments?post=25"}],"version-history":[{"count":5,"href":"https:\/\/www.alor.com.pl\/pl\/wp-json\/wp\/v2\/pages\/25\/revisions"}],"predecessor-version":[{"id":2349,"href":"https:\/\/www.alor.com.pl\/pl\/wp-json\/wp\/v2\/pages\/25\/revisions\/2349"}],"wp:attachment":[{"href":"https:\/\/www.alor.com.pl\/pl\/wp-json\/wp\/v2\/media?parent=25"}],"curies":[{"name":"wp","href":"https:\/\/api.w.org\/{rel}","templated":true}]}}