{"id":222,"date":"2021-02-18T09:22:28","date_gmt":"2021-02-18T08:22:28","guid":{"rendered":"http:\/\/alorwp.op1\/?page_id=222"},"modified":"2023-07-20T11:19:03","modified_gmt":"2023-07-20T09:19:03","slug":"ponczochy-kablowe","status":"publish","type":"page","link":"https:\/\/www.alor.com.pl\/pl\/oferta\/ponczochy-kablowe\/","title":{"rendered":"Po\u0144czochy opo\u0144cze kablowe"},"content":{"rendered":"<p>Jeste\u015bmy bezpo\u015brednim producentem po\u0144czoch.\u00a0W naszej ofercie znajd\u0105 Pa\u0144stwo\u00a0samozaciskowe\u00a0<strong>PO\u0143CZOCHY OPO\u0143CZE KABLOWE <\/strong>w rozmiarach od 15 mm do 100 mm \u015brednicy kabla. W ofercie mamy opo\u0144cze jednouche, dwuuche z p\u0119tlami lub z zakute kausz\u0105 oraz potr\u00f3jne.<\/p>\n<p>po szczeg\u00f3\u0142y\u00a0<strong>kliknij<\/strong>\u00a0na wybrany rysunek<\/p>\n","protected":false},"excerpt":{"rendered":"<p>Jeste\u015bmy bezpo\u015brednim producentem po\u0144czoch.\u00a0W naszej ofercie znajd\u0105 Pa\u0144stwo\u00a0samozaciskowe\u00a0PO\u0143CZOCHY OPO\u0143CZE KABLOWE w rozmiarach od 15 mm do 100 mm \u015brednicy kabla. W ofercie mamy opo\u0144cze jednouche, dwuuche z p\u0119tlami lub z zakute kausz\u0105 oraz potr\u00f3jne. po szczeg\u00f3\u0142y\u00a0kliknij\u00a0na wybrany rysunek<\/p>\n","protected":false},"author":1,"featured_media":0,"parent":38,"menu_order":14,"comment_status":"closed","ping_status":"closed","template":"tmpl-offer.php","meta":{"footnotes":""},"class_list":["post-222","page","type-page","status-publish","hentry"],"yoast_head":"<!-- This site is optimized with the Yoast SEO plugin v15.8 - https:\/\/yoast.com\/wordpress\/plugins\/seo\/ -->\n<title>Po\u0144czochy opo\u0144cze kablowe - ALOR - liny, \u0142a\u0144cuchy, zawiesia, po\u0144czochy kablowe<\/title>\n<meta name=\"robots\" content=\"index, follow, max-snippet:-1, max-image-preview:large, max-video-preview:-1\" \/>\n<link rel=\"canonical\" href=\"https:\/\/www.alor.com.pl\/pl\/oferta\/ponczochy-kablowe\/\" \/>\n<meta property=\"og:locale\" content=\"pl_PL\" \/>\n<meta property=\"og:type\" content=\"article\" \/>\n<meta property=\"og:title\" content=\"Po\u0144czochy opo\u0144cze kablowe - ALOR - liny, \u0142a\u0144cuchy, zawiesia, po\u0144czochy kablowe\" \/>\n<meta property=\"og:description\" content=\"Jeste\u015bmy bezpo\u015brednim producentem po\u0144czoch.\u00a0W naszej ofercie znajd\u0105 Pa\u0144stwo\u00a0samozaciskowe\u00a0PO\u0143CZOCHY OPO\u0143CZE KABLOWE w rozmiarach od 15 mm do 100 mm \u015brednicy kabla. W ofercie mamy opo\u0144cze jednouche, dwuuche z p\u0119tlami lub z zakute kausz\u0105 oraz potr\u00f3jne. po szczeg\u00f3\u0142y\u00a0kliknij\u00a0na wybrany rysunek\" \/>\n<meta property=\"og:url\" content=\"https:\/\/www.alor.com.pl\/pl\/oferta\/ponczochy-kablowe\/\" \/>\n<meta property=\"og:site_name\" content=\"ALOR - liny, \u0142a\u0144cuchy, zawiesia, po\u0144czochy kablowe\" \/>\n<meta property=\"article:modified_time\" content=\"2023-07-20T09:19:03+00:00\" \/>\n<meta name=\"twitter:card\" content=\"summary_large_image\" \/>\n<meta name=\"twitter:label1\" content=\"Est. reading time\">\n\t<meta name=\"twitter:data1\" content=\"1 minuta\">\n<script type=\"application\/ld+json\" class=\"yoast-schema-graph\">{\"@context\":\"https:\/\/schema.org\",\"@graph\":[{\"@type\":\"WebSite\",\"@id\":\"https:\/\/www.alor.com.pl\/en\/#website\",\"url\":\"https:\/\/www.alor.com.pl\/en\/\",\"name\":\"ALOR - liny, \\u0142a\\u0144cuchy, zawiesia, po\\u0144czochy kablowe\",\"description\":\"\",\"potentialAction\":[{\"@type\":\"SearchAction\",\"target\":\"https:\/\/www.alor.com.pl\/en\/?s={search_term_string}\",\"query-input\":\"required name=search_term_string\"}],\"inLanguage\":\"pl-PL\"},{\"@type\":\"WebPage\",\"@id\":\"https:\/\/www.alor.com.pl\/pl\/oferta\/ponczochy-kablowe\/#webpage\",\"url\":\"https:\/\/www.alor.com.pl\/pl\/oferta\/ponczochy-kablowe\/\",\"name\":\"Po\\u0144czochy opo\\u0144cze kablowe - ALOR - liny, \\u0142a\\u0144cuchy, zawiesia, po\\u0144czochy kablowe\",\"isPartOf\":{\"@id\":\"https:\/\/www.alor.com.pl\/en\/#website\"},\"datePublished\":\"2021-02-18T08:22:28+00:00\",\"dateModified\":\"2023-07-20T09:19:03+00:00\",\"breadcrumb\":{\"@id\":\"https:\/\/www.alor.com.pl\/pl\/oferta\/ponczochy-kablowe\/#breadcrumb\"},\"inLanguage\":\"pl-PL\",\"potentialAction\":[{\"@type\":\"ReadAction\",\"target\":[\"https:\/\/www.alor.com.pl\/pl\/oferta\/ponczochy-kablowe\/\"]}]},{\"@type\":\"BreadcrumbList\",\"@id\":\"https:\/\/www.alor.com.pl\/pl\/oferta\/ponczochy-kablowe\/#breadcrumb\",\"itemListElement\":[{\"@type\":\"ListItem\",\"position\":1,\"item\":{\"@type\":\"WebPage\",\"@id\":\"https:\/\/www.alor.com.pl\/pl\/\",\"url\":\"https:\/\/www.alor.com.pl\/pl\/\",\"name\":\"Strona g\\u0142\\u00f3wna\"}},{\"@type\":\"ListItem\",\"position\":2,\"item\":{\"@type\":\"WebPage\",\"@id\":\"https:\/\/www.alor.com.pl\/pl\/oferta\/\",\"url\":\"https:\/\/www.alor.com.pl\/pl\/oferta\/\",\"name\":\"Oferta\"}},{\"@type\":\"ListItem\",\"position\":3,\"item\":{\"@type\":\"WebPage\",\"@id\":\"https:\/\/www.alor.com.pl\/pl\/oferta\/ponczochy-kablowe\/\",\"url\":\"https:\/\/www.alor.com.pl\/pl\/oferta\/ponczochy-kablowe\/\",\"name\":\"Po\\u0144czochy opo\\u0144cze kablowe\"}}]}]}<\/script>\n<!-- \/ Yoast SEO plugin. -->","_links":{"self":[{"href":"https:\/\/www.alor.com.pl\/pl\/wp-json\/wp\/v2\/pages\/222","targetHints":{"allow":["GET"]}}],"collection":[{"href":"https:\/\/www.alor.com.pl\/pl\/wp-json\/wp\/v2\/pages"}],"about":[{"href":"https:\/\/www.alor.com.pl\/pl\/wp-json\/wp\/v2\/types\/page"}],"author":[{"embeddable":true,"href":"https:\/\/www.alor.com.pl\/pl\/wp-json\/wp\/v2\/users\/1"}],"replies":[{"embeddable":true,"href":"https:\/\/www.alor.com.pl\/pl\/wp-json\/wp\/v2\/comments?post=222"}],"version-history":[{"count":17,"href":"https:\/\/www.alor.com.pl\/pl\/wp-json\/wp\/v2\/pages\/222\/revisions"}],"predecessor-version":[{"id":2774,"href":"https:\/\/www.alor.com.pl\/pl\/wp-json\/wp\/v2\/pages\/222\/revisions\/2774"}],"up":[{"embeddable":true,"href":"https:\/\/www.alor.com.pl\/pl\/wp-json\/wp\/v2\/pages\/38"}],"wp:attachment":[{"href":"https:\/\/www.alor.com.pl\/pl\/wp-json\/wp\/v2\/media?parent=222"}],"curies":[{"name":"wp","href":"https:\/\/api.w.org\/{rel}","templated":true}]}}