{"id":220,"date":"2021-02-18T09:22:04","date_gmt":"2021-02-18T08:22:04","guid":{"rendered":"http:\/\/alorwp.op1\/?page_id=220"},"modified":"2025-09-03T12:38:14","modified_gmt":"2025-09-03T10:38:14","slug":"zawiesia-pasy-odciagi","status":"publish","type":"page","link":"https:\/\/www.alor.com.pl\/pl\/oferta\/zawiesia-pasy-odciagi\/","title":{"rendered":"Zawiesia, pasy, odci\u0105gi"},"content":{"rendered":"<p>W naszym magazynie i w sklepie mamy du\u017cy wyb\u00f3r zawiesi. Znajd\u0105 u nas Pa\u0144stwo <strong>ZAWIESIA LINOWE, \u0141A\u0143CUCHOWE, PASOWE<\/strong> oraz <strong>ODCI\u0104GI \u0141A\u0143CUCHOWE<\/strong>.<br \/>\nZawiesia i odci\u0105gi wykonujemy na zam\u00f3wienie o konstrukcji i wymiarach dostosowanych do wymog\u00f3w naszych klient\u00f3w.<\/p>\n<p>po szczeg\u00f3\u0142y\u00a0<strong>kliknij<\/strong>\u00a0na wybrany rysunek<\/p>\n","protected":false},"excerpt":{"rendered":"<p>W naszym magazynie i w sklepie mamy du\u017cy wyb\u00f3r zawiesi. Znajd\u0105 u nas Pa\u0144stwo ZAWIESIA LINOWE, \u0141A\u0143CUCHOWE, PASOWE oraz ODCI\u0104GI \u0141A\u0143CUCHOWE. Zawiesia i odci\u0105gi wykonujemy na zam\u00f3wienie o konstrukcji i wymiarach dostosowanych do wymog\u00f3w naszych klient\u00f3w. po szczeg\u00f3\u0142y\u00a0kliknij\u00a0na wybrany rysunek<\/p>\n","protected":false},"author":1,"featured_media":0,"parent":38,"menu_order":13,"comment_status":"closed","ping_status":"closed","template":"tmpl-offer.php","meta":{"footnotes":""},"class_list":["post-220","page","type-page","status-publish","hentry"],"yoast_head":"<!-- This site is optimized with the Yoast SEO plugin v15.8 - https:\/\/yoast.com\/wordpress\/plugins\/seo\/ -->\n<title>Zawiesia, pasy, odci\u0105gi - ALOR - liny, \u0142a\u0144cuchy, zawiesia, po\u0144czochy kablowe<\/title>\n<meta name=\"robots\" content=\"index, follow, max-snippet:-1, max-image-preview:large, max-video-preview:-1\" \/>\n<link rel=\"canonical\" href=\"https:\/\/www.alor.com.pl\/pl\/oferta\/zawiesia-pasy-odciagi\/\" \/>\n<meta property=\"og:locale\" content=\"pl_PL\" \/>\n<meta property=\"og:type\" content=\"article\" \/>\n<meta property=\"og:title\" content=\"Zawiesia, pasy, odci\u0105gi - ALOR - liny, \u0142a\u0144cuchy, zawiesia, po\u0144czochy kablowe\" \/>\n<meta property=\"og:description\" content=\"W naszym magazynie i w sklepie mamy du\u017cy wyb\u00f3r zawiesi. Znajd\u0105 u nas Pa\u0144stwo ZAWIESIA LINOWE, \u0141A\u0143CUCHOWE, PASOWE oraz ODCI\u0104GI \u0141A\u0143CUCHOWE. Zawiesia i odci\u0105gi wykonujemy na zam\u00f3wienie o konstrukcji i wymiarach dostosowanych do wymog\u00f3w naszych klient\u00f3w. po szczeg\u00f3\u0142y\u00a0kliknij\u00a0na wybrany rysunek\" \/>\n<meta property=\"og:url\" content=\"https:\/\/www.alor.com.pl\/pl\/oferta\/zawiesia-pasy-odciagi\/\" \/>\n<meta property=\"og:site_name\" content=\"ALOR - liny, \u0142a\u0144cuchy, zawiesia, po\u0144czochy kablowe\" \/>\n<meta property=\"article:modified_time\" content=\"2025-09-03T10:38:14+00:00\" \/>\n<meta name=\"twitter:card\" content=\"summary_large_image\" \/>\n<meta name=\"twitter:label1\" content=\"Est. reading time\">\n\t<meta name=\"twitter:data1\" content=\"1 minuta\">\n<script type=\"application\/ld+json\" class=\"yoast-schema-graph\">{\"@context\":\"https:\/\/schema.org\",\"@graph\":[{\"@type\":\"WebSite\",\"@id\":\"https:\/\/www.alor.com.pl\/en\/#website\",\"url\":\"https:\/\/www.alor.com.pl\/en\/\",\"name\":\"ALOR - liny, \\u0142a\\u0144cuchy, zawiesia, po\\u0144czochy kablowe\",\"description\":\"\",\"potentialAction\":[{\"@type\":\"SearchAction\",\"target\":\"https:\/\/www.alor.com.pl\/en\/?s={search_term_string}\",\"query-input\":\"required name=search_term_string\"}],\"inLanguage\":\"pl-PL\"},{\"@type\":\"WebPage\",\"@id\":\"https:\/\/www.alor.com.pl\/pl\/oferta\/zawiesia-pasy-odciagi\/#webpage\",\"url\":\"https:\/\/www.alor.com.pl\/pl\/oferta\/zawiesia-pasy-odciagi\/\",\"name\":\"Zawiesia, pasy, odci\\u0105gi - ALOR - liny, \\u0142a\\u0144cuchy, zawiesia, po\\u0144czochy kablowe\",\"isPartOf\":{\"@id\":\"https:\/\/www.alor.com.pl\/en\/#website\"},\"datePublished\":\"2021-02-18T08:22:04+00:00\",\"dateModified\":\"2025-09-03T10:38:14+00:00\",\"breadcrumb\":{\"@id\":\"https:\/\/www.alor.com.pl\/pl\/oferta\/zawiesia-pasy-odciagi\/#breadcrumb\"},\"inLanguage\":\"pl-PL\",\"potentialAction\":[{\"@type\":\"ReadAction\",\"target\":[\"https:\/\/www.alor.com.pl\/pl\/oferta\/zawiesia-pasy-odciagi\/\"]}]},{\"@type\":\"BreadcrumbList\",\"@id\":\"https:\/\/www.alor.com.pl\/pl\/oferta\/zawiesia-pasy-odciagi\/#breadcrumb\",\"itemListElement\":[{\"@type\":\"ListItem\",\"position\":1,\"item\":{\"@type\":\"WebPage\",\"@id\":\"https:\/\/www.alor.com.pl\/pl\/\",\"url\":\"https:\/\/www.alor.com.pl\/pl\/\",\"name\":\"Strona g\\u0142\\u00f3wna\"}},{\"@type\":\"ListItem\",\"position\":2,\"item\":{\"@type\":\"WebPage\",\"@id\":\"https:\/\/www.alor.com.pl\/pl\/oferta\/\",\"url\":\"https:\/\/www.alor.com.pl\/pl\/oferta\/\",\"name\":\"Oferta\"}},{\"@type\":\"ListItem\",\"position\":3,\"item\":{\"@type\":\"WebPage\",\"@id\":\"https:\/\/www.alor.com.pl\/pl\/oferta\/zawiesia-pasy-odciagi\/\",\"url\":\"https:\/\/www.alor.com.pl\/pl\/oferta\/zawiesia-pasy-odciagi\/\",\"name\":\"Zawiesia, pasy, odci\\u0105gi\"}}]}]}<\/script>\n<!-- \/ Yoast SEO plugin. -->","_links":{"self":[{"href":"https:\/\/www.alor.com.pl\/pl\/wp-json\/wp\/v2\/pages\/220","targetHints":{"allow":["GET"]}}],"collection":[{"href":"https:\/\/www.alor.com.pl\/pl\/wp-json\/wp\/v2\/pages"}],"about":[{"href":"https:\/\/www.alor.com.pl\/pl\/wp-json\/wp\/v2\/types\/page"}],"author":[{"embeddable":true,"href":"https:\/\/www.alor.com.pl\/pl\/wp-json\/wp\/v2\/users\/1"}],"replies":[{"embeddable":true,"href":"https:\/\/www.alor.com.pl\/pl\/wp-json\/wp\/v2\/comments?post=220"}],"version-history":[{"count":26,"href":"https:\/\/www.alor.com.pl\/pl\/wp-json\/wp\/v2\/pages\/220\/revisions"}],"predecessor-version":[{"id":3446,"href":"https:\/\/www.alor.com.pl\/pl\/wp-json\/wp\/v2\/pages\/220\/revisions\/3446"}],"up":[{"embeddable":true,"href":"https:\/\/www.alor.com.pl\/pl\/wp-json\/wp\/v2\/pages\/38"}],"wp:attachment":[{"href":"https:\/\/www.alor.com.pl\/pl\/wp-json\/wp\/v2\/media?parent=220"}],"curies":[{"name":"wp","href":"https:\/\/api.w.org\/{rel}","templated":true}]}}