{"id":216,"date":"2021-02-18T09:20:41","date_gmt":"2021-02-18T08:20:41","guid":{"rendered":"http:\/\/alorwp.op1\/?page_id=216"},"modified":"2021-12-22T17:57:58","modified_gmt":"2021-12-22T16:57:58","slug":"karabinczyki-ogniwka","status":"publish","type":"page","link":"https:\/\/www.alor.com.pl\/pl\/oferta\/karabinczyki-ogniwka\/","title":{"rendered":"Karabi\u0144czyki, ogniwka"},"content":{"rendered":"<p>Znajd\u0105 u nas Pa\u0144stwo <strong>KARABI\u0143CZYKI, OGNIWKA SKR\u0118CANE i ZAKLEPYWANE.<\/strong><\/p>\n<p>po szczeg\u00f3\u0142y\u00a0<strong>kliknij<\/strong>\u00a0na wybrany rysunek<\/p>\n","protected":false},"excerpt":{"rendered":"<p>Znajd\u0105 u nas Pa\u0144stwo KARABI\u0143CZYKI, OGNIWKA SKR\u0118CANE i ZAKLEPYWANE. po szczeg\u00f3\u0142y\u00a0kliknij\u00a0na wybrany rysunek<\/p>\n","protected":false},"author":1,"featured_media":0,"parent":38,"menu_order":11,"comment_status":"closed","ping_status":"closed","template":"tmpl-offer.php","meta":{"footnotes":""},"class_list":["post-216","page","type-page","status-publish","hentry"],"yoast_head":"<!-- This site is optimized with the Yoast SEO plugin v15.8 - https:\/\/yoast.com\/wordpress\/plugins\/seo\/ -->\n<title>Karabi\u0144czyki, ogniwka - ALOR - liny, \u0142a\u0144cuchy, zawiesia, po\u0144czochy kablowe<\/title>\n<meta name=\"robots\" content=\"index, follow, max-snippet:-1, max-image-preview:large, max-video-preview:-1\" \/>\n<link rel=\"canonical\" href=\"https:\/\/www.alor.com.pl\/pl\/oferta\/karabinczyki-ogniwka\/\" \/>\n<meta property=\"og:locale\" content=\"pl_PL\" \/>\n<meta property=\"og:type\" content=\"article\" \/>\n<meta property=\"og:title\" content=\"Karabi\u0144czyki, ogniwka - ALOR - liny, \u0142a\u0144cuchy, zawiesia, po\u0144czochy kablowe\" \/>\n<meta property=\"og:description\" content=\"Znajd\u0105 u nas Pa\u0144stwo KARABI\u0143CZYKI, OGNIWKA SKR\u0118CANE i ZAKLEPYWANE. po szczeg\u00f3\u0142y\u00a0kliknij\u00a0na wybrany rysunek\" \/>\n<meta property=\"og:url\" content=\"https:\/\/www.alor.com.pl\/pl\/oferta\/karabinczyki-ogniwka\/\" \/>\n<meta property=\"og:site_name\" content=\"ALOR - liny, \u0142a\u0144cuchy, zawiesia, po\u0144czochy kablowe\" \/>\n<meta property=\"article:modified_time\" content=\"2021-12-22T16:57:58+00:00\" \/>\n<meta name=\"twitter:card\" content=\"summary_large_image\" \/>\n<meta name=\"twitter:label1\" content=\"Est. reading time\">\n\t<meta name=\"twitter:data1\" content=\"1 minuta\">\n<script type=\"application\/ld+json\" class=\"yoast-schema-graph\">{\"@context\":\"https:\/\/schema.org\",\"@graph\":[{\"@type\":\"WebSite\",\"@id\":\"https:\/\/www.alor.com.pl\/en\/#website\",\"url\":\"https:\/\/www.alor.com.pl\/en\/\",\"name\":\"ALOR - liny, \\u0142a\\u0144cuchy, zawiesia, po\\u0144czochy kablowe\",\"description\":\"\",\"potentialAction\":[{\"@type\":\"SearchAction\",\"target\":\"https:\/\/www.alor.com.pl\/en\/?s={search_term_string}\",\"query-input\":\"required name=search_term_string\"}],\"inLanguage\":\"pl-PL\"},{\"@type\":\"WebPage\",\"@id\":\"https:\/\/www.alor.com.pl\/pl\/oferta\/karabinczyki-ogniwka\/#webpage\",\"url\":\"https:\/\/www.alor.com.pl\/pl\/oferta\/karabinczyki-ogniwka\/\",\"name\":\"Karabi\\u0144czyki, ogniwka - ALOR - liny, \\u0142a\\u0144cuchy, zawiesia, po\\u0144czochy kablowe\",\"isPartOf\":{\"@id\":\"https:\/\/www.alor.com.pl\/en\/#website\"},\"datePublished\":\"2021-02-18T08:20:41+00:00\",\"dateModified\":\"2021-12-22T16:57:58+00:00\",\"breadcrumb\":{\"@id\":\"https:\/\/www.alor.com.pl\/pl\/oferta\/karabinczyki-ogniwka\/#breadcrumb\"},\"inLanguage\":\"pl-PL\",\"potentialAction\":[{\"@type\":\"ReadAction\",\"target\":[\"https:\/\/www.alor.com.pl\/pl\/oferta\/karabinczyki-ogniwka\/\"]}]},{\"@type\":\"BreadcrumbList\",\"@id\":\"https:\/\/www.alor.com.pl\/pl\/oferta\/karabinczyki-ogniwka\/#breadcrumb\",\"itemListElement\":[{\"@type\":\"ListItem\",\"position\":1,\"item\":{\"@type\":\"WebPage\",\"@id\":\"https:\/\/www.alor.com.pl\/pl\/\",\"url\":\"https:\/\/www.alor.com.pl\/pl\/\",\"name\":\"Strona g\\u0142\\u00f3wna\"}},{\"@type\":\"ListItem\",\"position\":2,\"item\":{\"@type\":\"WebPage\",\"@id\":\"https:\/\/www.alor.com.pl\/pl\/oferta\/\",\"url\":\"https:\/\/www.alor.com.pl\/pl\/oferta\/\",\"name\":\"Oferta\"}},{\"@type\":\"ListItem\",\"position\":3,\"item\":{\"@type\":\"WebPage\",\"@id\":\"https:\/\/www.alor.com.pl\/pl\/oferta\/karabinczyki-ogniwka\/\",\"url\":\"https:\/\/www.alor.com.pl\/pl\/oferta\/karabinczyki-ogniwka\/\",\"name\":\"Karabi\\u0144czyki, ogniwka\"}}]}]}<\/script>\n<!-- \/ Yoast SEO plugin. -->","_links":{"self":[{"href":"https:\/\/www.alor.com.pl\/pl\/wp-json\/wp\/v2\/pages\/216","targetHints":{"allow":["GET"]}}],"collection":[{"href":"https:\/\/www.alor.com.pl\/pl\/wp-json\/wp\/v2\/pages"}],"about":[{"href":"https:\/\/www.alor.com.pl\/pl\/wp-json\/wp\/v2\/types\/page"}],"author":[{"embeddable":true,"href":"https:\/\/www.alor.com.pl\/pl\/wp-json\/wp\/v2\/users\/1"}],"replies":[{"embeddable":true,"href":"https:\/\/www.alor.com.pl\/pl\/wp-json\/wp\/v2\/comments?post=216"}],"version-history":[{"count":7,"href":"https:\/\/www.alor.com.pl\/pl\/wp-json\/wp\/v2\/pages\/216\/revisions"}],"predecessor-version":[{"id":1787,"href":"https:\/\/www.alor.com.pl\/pl\/wp-json\/wp\/v2\/pages\/216\/revisions\/1787"}],"up":[{"embeddable":true,"href":"https:\/\/www.alor.com.pl\/pl\/wp-json\/wp\/v2\/pages\/38"}],"wp:attachment":[{"href":"https:\/\/www.alor.com.pl\/pl\/wp-json\/wp\/v2\/media?parent=216"}],"curies":[{"name":"wp","href":"https:\/\/api.w.org\/{rel}","templated":true}]}}