{"id":212,"date":"2021-02-18T09:19:26","date_gmt":"2021-02-18T08:19:26","guid":{"rendered":"http:\/\/alorwp.op1\/?page_id=212"},"modified":"2022-06-23T11:59:46","modified_gmt":"2022-06-23T09:59:46","slug":"sruby-rzymskie-napinacze","status":"publish","type":"page","link":"https:\/\/www.alor.com.pl\/pl\/oferta\/sruby-rzymskie-napinacze\/","title":{"rendered":"\u015aruby rzymskie, napinacze"},"content":{"rendered":"<p>W magazynie dost\u0119pne s\u0105 elementy do napinania lin i drut\u00f3w, czyli <strong>\u015aCI\u0104GACZE (\u015aRUBY RZYMSKIE)<\/strong><br \/>\ni <strong>NAPINACZE<\/strong> oraz artyku\u0142y z nimi zwi\u0105zane.<\/p>\n<p>po szczeg\u00f3\u0142y\u00a0<strong>kliknij<\/strong>\u00a0w wybrany rysunek<\/p>\n","protected":false},"excerpt":{"rendered":"<p>W magazynie dost\u0119pne s\u0105 elementy do napinania lin i drut\u00f3w, czyli \u015aCI\u0104GACZE (\u015aRUBY RZYMSKIE) i NAPINACZE oraz artyku\u0142y z nimi zwi\u0105zane. po szczeg\u00f3\u0142y\u00a0kliknij\u00a0w wybrany rysunek<\/p>\n","protected":false},"author":1,"featured_media":0,"parent":38,"menu_order":9,"comment_status":"closed","ping_status":"closed","template":"tmpl-offer.php","meta":{"footnotes":""},"class_list":["post-212","page","type-page","status-publish","hentry"],"yoast_head":"<!-- This site is optimized with the Yoast SEO plugin v15.8 - https:\/\/yoast.com\/wordpress\/plugins\/seo\/ -->\n<title>\u015aruby rzymskie, napinacze - ALOR - liny, \u0142a\u0144cuchy, zawiesia, po\u0144czochy kablowe<\/title>\n<meta name=\"robots\" content=\"index, follow, max-snippet:-1, max-image-preview:large, max-video-preview:-1\" \/>\n<link rel=\"canonical\" href=\"https:\/\/www.alor.com.pl\/pl\/oferta\/sruby-rzymskie-napinacze\/\" \/>\n<meta property=\"og:locale\" content=\"pl_PL\" \/>\n<meta property=\"og:type\" content=\"article\" \/>\n<meta property=\"og:title\" content=\"\u015aruby rzymskie, napinacze - ALOR - liny, \u0142a\u0144cuchy, zawiesia, po\u0144czochy kablowe\" \/>\n<meta property=\"og:description\" content=\"W magazynie dost\u0119pne s\u0105 elementy do napinania lin i drut\u00f3w, czyli \u015aCI\u0104GACZE (\u015aRUBY RZYMSKIE) i NAPINACZE oraz artyku\u0142y z nimi zwi\u0105zane. po szczeg\u00f3\u0142y\u00a0kliknij\u00a0w wybrany rysunek\" \/>\n<meta property=\"og:url\" content=\"https:\/\/www.alor.com.pl\/pl\/oferta\/sruby-rzymskie-napinacze\/\" \/>\n<meta property=\"og:site_name\" content=\"ALOR - liny, \u0142a\u0144cuchy, zawiesia, po\u0144czochy kablowe\" \/>\n<meta property=\"article:modified_time\" content=\"2022-06-23T09:59:46+00:00\" \/>\n<meta name=\"twitter:card\" content=\"summary_large_image\" \/>\n<meta name=\"twitter:label1\" content=\"Est. reading time\">\n\t<meta name=\"twitter:data1\" content=\"1 minuta\">\n<script type=\"application\/ld+json\" class=\"yoast-schema-graph\">{\"@context\":\"https:\/\/schema.org\",\"@graph\":[{\"@type\":\"WebSite\",\"@id\":\"https:\/\/www.alor.com.pl\/en\/#website\",\"url\":\"https:\/\/www.alor.com.pl\/en\/\",\"name\":\"ALOR - liny, \\u0142a\\u0144cuchy, zawiesia, po\\u0144czochy kablowe\",\"description\":\"\",\"potentialAction\":[{\"@type\":\"SearchAction\",\"target\":\"https:\/\/www.alor.com.pl\/en\/?s={search_term_string}\",\"query-input\":\"required name=search_term_string\"}],\"inLanguage\":\"pl-PL\"},{\"@type\":\"WebPage\",\"@id\":\"https:\/\/www.alor.com.pl\/pl\/oferta\/sruby-rzymskie-napinacze\/#webpage\",\"url\":\"https:\/\/www.alor.com.pl\/pl\/oferta\/sruby-rzymskie-napinacze\/\",\"name\":\"\\u015aruby rzymskie, napinacze - ALOR - liny, \\u0142a\\u0144cuchy, zawiesia, po\\u0144czochy kablowe\",\"isPartOf\":{\"@id\":\"https:\/\/www.alor.com.pl\/en\/#website\"},\"datePublished\":\"2021-02-18T08:19:26+00:00\",\"dateModified\":\"2022-06-23T09:59:46+00:00\",\"breadcrumb\":{\"@id\":\"https:\/\/www.alor.com.pl\/pl\/oferta\/sruby-rzymskie-napinacze\/#breadcrumb\"},\"inLanguage\":\"pl-PL\",\"potentialAction\":[{\"@type\":\"ReadAction\",\"target\":[\"https:\/\/www.alor.com.pl\/pl\/oferta\/sruby-rzymskie-napinacze\/\"]}]},{\"@type\":\"BreadcrumbList\",\"@id\":\"https:\/\/www.alor.com.pl\/pl\/oferta\/sruby-rzymskie-napinacze\/#breadcrumb\",\"itemListElement\":[{\"@type\":\"ListItem\",\"position\":1,\"item\":{\"@type\":\"WebPage\",\"@id\":\"https:\/\/www.alor.com.pl\/pl\/\",\"url\":\"https:\/\/www.alor.com.pl\/pl\/\",\"name\":\"Strona g\\u0142\\u00f3wna\"}},{\"@type\":\"ListItem\",\"position\":2,\"item\":{\"@type\":\"WebPage\",\"@id\":\"https:\/\/www.alor.com.pl\/pl\/oferta\/\",\"url\":\"https:\/\/www.alor.com.pl\/pl\/oferta\/\",\"name\":\"Oferta\"}},{\"@type\":\"ListItem\",\"position\":3,\"item\":{\"@type\":\"WebPage\",\"@id\":\"https:\/\/www.alor.com.pl\/pl\/oferta\/sruby-rzymskie-napinacze\/\",\"url\":\"https:\/\/www.alor.com.pl\/pl\/oferta\/sruby-rzymskie-napinacze\/\",\"name\":\"\\u015aruby rzymskie, napinacze\"}}]}]}<\/script>\n<!-- \/ Yoast SEO plugin. -->","_links":{"self":[{"href":"https:\/\/www.alor.com.pl\/pl\/wp-json\/wp\/v2\/pages\/212","targetHints":{"allow":["GET"]}}],"collection":[{"href":"https:\/\/www.alor.com.pl\/pl\/wp-json\/wp\/v2\/pages"}],"about":[{"href":"https:\/\/www.alor.com.pl\/pl\/wp-json\/wp\/v2\/types\/page"}],"author":[{"embeddable":true,"href":"https:\/\/www.alor.com.pl\/pl\/wp-json\/wp\/v2\/users\/1"}],"replies":[{"embeddable":true,"href":"https:\/\/www.alor.com.pl\/pl\/wp-json\/wp\/v2\/comments?post=212"}],"version-history":[{"count":13,"href":"https:\/\/www.alor.com.pl\/pl\/wp-json\/wp\/v2\/pages\/212\/revisions"}],"predecessor-version":[{"id":2525,"href":"https:\/\/www.alor.com.pl\/pl\/wp-json\/wp\/v2\/pages\/212\/revisions\/2525"}],"up":[{"embeddable":true,"href":"https:\/\/www.alor.com.pl\/pl\/wp-json\/wp\/v2\/pages\/38"}],"wp:attachment":[{"href":"https:\/\/www.alor.com.pl\/pl\/wp-json\/wp\/v2\/media?parent=212"}],"curies":[{"name":"wp","href":"https:\/\/api.w.org\/{rel}","templated":true}]}}