{"id":202,"date":"2021-02-18T09:16:53","date_gmt":"2021-02-18T08:16:53","guid":{"rendered":"http:\/\/alorwp.op1\/?page_id=202"},"modified":"2025-09-03T11:50:09","modified_gmt":"2025-09-03T09:50:09","slug":"haki","status":"publish","type":"page","link":"https:\/\/www.alor.com.pl\/pl\/oferta\/haki\/","title":{"rendered":"Haki"},"content":{"rendered":"<p>Oferujemy szeroki asortyment <strong>HAK\u00d3W<\/strong> wykonanych z r\u00f3\u017cnych gatunk\u00f3w stali. Stosowane s\u0105 do produkcji zawiesi linowych oraz og\u00f3lnego stosowania.<br \/>\nW szczeg\u00f3lno\u015bci oferujemy: <strong>haki oczkowe, obrotowe, \u0142a\u0144cuchowe,\u00a0bezpieczne, skracaj\u0105ce, kontenerowe, zapadki<\/strong><strong>\u00a0do hak\u00f3w.<\/strong><\/p>\n<p>po szczeg\u00f3\u0142y\u00a0<strong>kliknij\u00a0<\/strong>na wybrany rysunek<\/p>\n","protected":false},"excerpt":{"rendered":"<p>Oferujemy szeroki asortyment HAK\u00d3W wykonanych z r\u00f3\u017cnych gatunk\u00f3w stali. Stosowane s\u0105 do produkcji zawiesi linowych oraz og\u00f3lnego stosowania. W szczeg\u00f3lno\u015bci oferujemy: haki oczkowe, obrotowe, \u0142a\u0144cuchowe,\u00a0bezpieczne, skracaj\u0105ce, kontenerowe, zapadki\u00a0do hak\u00f3w. po szczeg\u00f3\u0142y\u00a0kliknij\u00a0na wybrany rysunek<\/p>\n","protected":false},"author":1,"featured_media":0,"parent":38,"menu_order":4,"comment_status":"closed","ping_status":"closed","template":"tmpl-offer.php","meta":{"footnotes":""},"class_list":["post-202","page","type-page","status-publish","hentry"],"yoast_head":"<!-- This site is optimized with the Yoast SEO plugin v15.8 - https:\/\/yoast.com\/wordpress\/plugins\/seo\/ -->\n<title>Haki - ALOR - liny, \u0142a\u0144cuchy, zawiesia, po\u0144czochy kablowe<\/title>\n<meta name=\"robots\" content=\"index, follow, max-snippet:-1, max-image-preview:large, max-video-preview:-1\" \/>\n<link rel=\"canonical\" href=\"https:\/\/www.alor.com.pl\/pl\/oferta\/haki\/\" \/>\n<meta property=\"og:locale\" content=\"pl_PL\" \/>\n<meta property=\"og:type\" content=\"article\" \/>\n<meta property=\"og:title\" content=\"Haki - ALOR - liny, \u0142a\u0144cuchy, zawiesia, po\u0144czochy kablowe\" \/>\n<meta property=\"og:description\" content=\"Oferujemy szeroki asortyment HAK\u00d3W wykonanych z r\u00f3\u017cnych gatunk\u00f3w stali. Stosowane s\u0105 do produkcji zawiesi linowych oraz og\u00f3lnego stosowania. W szczeg\u00f3lno\u015bci oferujemy: haki oczkowe, obrotowe, \u0142a\u0144cuchowe,\u00a0bezpieczne, skracaj\u0105ce, kontenerowe, zapadki\u00a0do hak\u00f3w. po szczeg\u00f3\u0142y\u00a0kliknij\u00a0na wybrany rysunek\" \/>\n<meta property=\"og:url\" content=\"https:\/\/www.alor.com.pl\/pl\/oferta\/haki\/\" \/>\n<meta property=\"og:site_name\" content=\"ALOR - liny, \u0142a\u0144cuchy, zawiesia, po\u0144czochy kablowe\" \/>\n<meta property=\"article:modified_time\" content=\"2025-09-03T09:50:09+00:00\" \/>\n<meta name=\"twitter:card\" content=\"summary_large_image\" \/>\n<meta name=\"twitter:label1\" content=\"Est. reading time\">\n\t<meta name=\"twitter:data1\" content=\"1 minuta\">\n<script type=\"application\/ld+json\" class=\"yoast-schema-graph\">{\"@context\":\"https:\/\/schema.org\",\"@graph\":[{\"@type\":\"WebSite\",\"@id\":\"https:\/\/www.alor.com.pl\/en\/#website\",\"url\":\"https:\/\/www.alor.com.pl\/en\/\",\"name\":\"ALOR - liny, \\u0142a\\u0144cuchy, zawiesia, po\\u0144czochy kablowe\",\"description\":\"\",\"potentialAction\":[{\"@type\":\"SearchAction\",\"target\":\"https:\/\/www.alor.com.pl\/en\/?s={search_term_string}\",\"query-input\":\"required name=search_term_string\"}],\"inLanguage\":\"pl-PL\"},{\"@type\":\"WebPage\",\"@id\":\"https:\/\/www.alor.com.pl\/pl\/oferta\/haki\/#webpage\",\"url\":\"https:\/\/www.alor.com.pl\/pl\/oferta\/haki\/\",\"name\":\"Haki - ALOR - liny, \\u0142a\\u0144cuchy, zawiesia, po\\u0144czochy kablowe\",\"isPartOf\":{\"@id\":\"https:\/\/www.alor.com.pl\/en\/#website\"},\"datePublished\":\"2021-02-18T08:16:53+00:00\",\"dateModified\":\"2025-09-03T09:50:09+00:00\",\"breadcrumb\":{\"@id\":\"https:\/\/www.alor.com.pl\/pl\/oferta\/haki\/#breadcrumb\"},\"inLanguage\":\"pl-PL\",\"potentialAction\":[{\"@type\":\"ReadAction\",\"target\":[\"https:\/\/www.alor.com.pl\/pl\/oferta\/haki\/\"]}]},{\"@type\":\"BreadcrumbList\",\"@id\":\"https:\/\/www.alor.com.pl\/pl\/oferta\/haki\/#breadcrumb\",\"itemListElement\":[{\"@type\":\"ListItem\",\"position\":1,\"item\":{\"@type\":\"WebPage\",\"@id\":\"https:\/\/www.alor.com.pl\/pl\/\",\"url\":\"https:\/\/www.alor.com.pl\/pl\/\",\"name\":\"Strona g\\u0142\\u00f3wna\"}},{\"@type\":\"ListItem\",\"position\":2,\"item\":{\"@type\":\"WebPage\",\"@id\":\"https:\/\/www.alor.com.pl\/pl\/oferta\/\",\"url\":\"https:\/\/www.alor.com.pl\/pl\/oferta\/\",\"name\":\"Oferta\"}},{\"@type\":\"ListItem\",\"position\":3,\"item\":{\"@type\":\"WebPage\",\"@id\":\"https:\/\/www.alor.com.pl\/pl\/oferta\/haki\/\",\"url\":\"https:\/\/www.alor.com.pl\/pl\/oferta\/haki\/\",\"name\":\"Haki\"}}]}]}<\/script>\n<!-- \/ Yoast SEO plugin. -->","_links":{"self":[{"href":"https:\/\/www.alor.com.pl\/pl\/wp-json\/wp\/v2\/pages\/202","targetHints":{"allow":["GET"]}}],"collection":[{"href":"https:\/\/www.alor.com.pl\/pl\/wp-json\/wp\/v2\/pages"}],"about":[{"href":"https:\/\/www.alor.com.pl\/pl\/wp-json\/wp\/v2\/types\/page"}],"author":[{"embeddable":true,"href":"https:\/\/www.alor.com.pl\/pl\/wp-json\/wp\/v2\/users\/1"}],"replies":[{"embeddable":true,"href":"https:\/\/www.alor.com.pl\/pl\/wp-json\/wp\/v2\/comments?post=202"}],"version-history":[{"count":49,"href":"https:\/\/www.alor.com.pl\/pl\/wp-json\/wp\/v2\/pages\/202\/revisions"}],"predecessor-version":[{"id":3414,"href":"https:\/\/www.alor.com.pl\/pl\/wp-json\/wp\/v2\/pages\/202\/revisions\/3414"}],"up":[{"embeddable":true,"href":"https:\/\/www.alor.com.pl\/pl\/wp-json\/wp\/v2\/pages\/38"}],"wp:attachment":[{"href":"https:\/\/www.alor.com.pl\/pl\/wp-json\/wp\/v2\/media?parent=202"}],"curies":[{"name":"wp","href":"https:\/\/api.w.org\/{rel}","templated":true}]}}