{"id":200,"date":"2021-02-18T09:16:39","date_gmt":"2021-02-18T08:16:39","guid":{"rendered":"http:\/\/alorwp.op1\/?page_id=200"},"modified":"2025-09-03T09:25:12","modified_gmt":"2025-09-03T07:25:12","slug":"ogniwa","status":"publish","type":"page","link":"https:\/\/www.alor.com.pl\/pl\/oferta\/ogniwa\/","title":{"rendered":"Ogniwa"},"content":{"rendered":"<p>W naszej ofercie znajd\u0105 Pa\u0144stwo <strong>OGNIWA ZBIORCZE, \u0141\u0104CZNIKI<\/strong> stosowane do produkcji zawiesi.<\/p>\n<p>po szczeg\u00f3\u0142y <strong>kliknij<\/strong> na wybrany rysunek<\/p>\n","protected":false},"excerpt":{"rendered":"<p>W naszej ofercie znajd\u0105 Pa\u0144stwo OGNIWA ZBIORCZE, \u0141\u0104CZNIKI stosowane do produkcji zawiesi. po szczeg\u00f3\u0142y kliknij na wybrany rysunek<\/p>\n","protected":false},"author":1,"featured_media":0,"parent":38,"menu_order":3,"comment_status":"closed","ping_status":"closed","template":"tmpl-offer.php","meta":{"footnotes":""},"class_list":["post-200","page","type-page","status-publish","hentry"],"yoast_head":"<!-- This site is optimized with the Yoast SEO plugin v15.8 - https:\/\/yoast.com\/wordpress\/plugins\/seo\/ -->\n<title>Ogniwa - ALOR - liny, \u0142a\u0144cuchy, zawiesia, po\u0144czochy kablowe<\/title>\n<meta name=\"robots\" content=\"index, follow, max-snippet:-1, max-image-preview:large, max-video-preview:-1\" \/>\n<link rel=\"canonical\" href=\"https:\/\/www.alor.com.pl\/pl\/oferta\/ogniwa\/\" \/>\n<meta property=\"og:locale\" content=\"pl_PL\" \/>\n<meta property=\"og:type\" content=\"article\" \/>\n<meta property=\"og:title\" content=\"Ogniwa - ALOR - liny, \u0142a\u0144cuchy, zawiesia, po\u0144czochy kablowe\" \/>\n<meta property=\"og:description\" content=\"W naszej ofercie znajd\u0105 Pa\u0144stwo OGNIWA ZBIORCZE, \u0141\u0104CZNIKI stosowane do produkcji zawiesi. po szczeg\u00f3\u0142y kliknij na wybrany rysunek\" \/>\n<meta property=\"og:url\" content=\"https:\/\/www.alor.com.pl\/pl\/oferta\/ogniwa\/\" \/>\n<meta property=\"og:site_name\" content=\"ALOR - liny, \u0142a\u0144cuchy, zawiesia, po\u0144czochy kablowe\" \/>\n<meta property=\"article:modified_time\" content=\"2025-09-03T07:25:12+00:00\" \/>\n<meta name=\"twitter:card\" content=\"summary_large_image\" \/>\n<meta name=\"twitter:label1\" content=\"Est. reading time\">\n\t<meta name=\"twitter:data1\" content=\"1 minuta\">\n<script type=\"application\/ld+json\" class=\"yoast-schema-graph\">{\"@context\":\"https:\/\/schema.org\",\"@graph\":[{\"@type\":\"WebSite\",\"@id\":\"https:\/\/www.alor.com.pl\/en\/#website\",\"url\":\"https:\/\/www.alor.com.pl\/en\/\",\"name\":\"ALOR - liny, \\u0142a\\u0144cuchy, zawiesia, po\\u0144czochy kablowe\",\"description\":\"\",\"potentialAction\":[{\"@type\":\"SearchAction\",\"target\":\"https:\/\/www.alor.com.pl\/en\/?s={search_term_string}\",\"query-input\":\"required name=search_term_string\"}],\"inLanguage\":\"pl-PL\"},{\"@type\":\"WebPage\",\"@id\":\"https:\/\/www.alor.com.pl\/pl\/oferta\/ogniwa\/#webpage\",\"url\":\"https:\/\/www.alor.com.pl\/pl\/oferta\/ogniwa\/\",\"name\":\"Ogniwa - ALOR - liny, \\u0142a\\u0144cuchy, zawiesia, po\\u0144czochy kablowe\",\"isPartOf\":{\"@id\":\"https:\/\/www.alor.com.pl\/en\/#website\"},\"datePublished\":\"2021-02-18T08:16:39+00:00\",\"dateModified\":\"2025-09-03T07:25:12+00:00\",\"breadcrumb\":{\"@id\":\"https:\/\/www.alor.com.pl\/pl\/oferta\/ogniwa\/#breadcrumb\"},\"inLanguage\":\"pl-PL\",\"potentialAction\":[{\"@type\":\"ReadAction\",\"target\":[\"https:\/\/www.alor.com.pl\/pl\/oferta\/ogniwa\/\"]}]},{\"@type\":\"BreadcrumbList\",\"@id\":\"https:\/\/www.alor.com.pl\/pl\/oferta\/ogniwa\/#breadcrumb\",\"itemListElement\":[{\"@type\":\"ListItem\",\"position\":1,\"item\":{\"@type\":\"WebPage\",\"@id\":\"https:\/\/www.alor.com.pl\/pl\/\",\"url\":\"https:\/\/www.alor.com.pl\/pl\/\",\"name\":\"Strona g\\u0142\\u00f3wna\"}},{\"@type\":\"ListItem\",\"position\":2,\"item\":{\"@type\":\"WebPage\",\"@id\":\"https:\/\/www.alor.com.pl\/pl\/oferta\/\",\"url\":\"https:\/\/www.alor.com.pl\/pl\/oferta\/\",\"name\":\"Oferta\"}},{\"@type\":\"ListItem\",\"position\":3,\"item\":{\"@type\":\"WebPage\",\"@id\":\"https:\/\/www.alor.com.pl\/pl\/oferta\/ogniwa\/\",\"url\":\"https:\/\/www.alor.com.pl\/pl\/oferta\/ogniwa\/\",\"name\":\"Ogniwa\"}}]}]}<\/script>\n<!-- \/ Yoast SEO plugin. -->","_links":{"self":[{"href":"https:\/\/www.alor.com.pl\/pl\/wp-json\/wp\/v2\/pages\/200","targetHints":{"allow":["GET"]}}],"collection":[{"href":"https:\/\/www.alor.com.pl\/pl\/wp-json\/wp\/v2\/pages"}],"about":[{"href":"https:\/\/www.alor.com.pl\/pl\/wp-json\/wp\/v2\/types\/page"}],"author":[{"embeddable":true,"href":"https:\/\/www.alor.com.pl\/pl\/wp-json\/wp\/v2\/users\/1"}],"replies":[{"embeddable":true,"href":"https:\/\/www.alor.com.pl\/pl\/wp-json\/wp\/v2\/comments?post=200"}],"version-history":[{"count":32,"href":"https:\/\/www.alor.com.pl\/pl\/wp-json\/wp\/v2\/pages\/200\/revisions"}],"predecessor-version":[{"id":3353,"href":"https:\/\/www.alor.com.pl\/pl\/wp-json\/wp\/v2\/pages\/200\/revisions\/3353"}],"up":[{"embeddable":true,"href":"https:\/\/www.alor.com.pl\/pl\/wp-json\/wp\/v2\/pages\/38"}],"wp:attachment":[{"href":"https:\/\/www.alor.com.pl\/pl\/wp-json\/wp\/v2\/media?parent=200"}],"curies":[{"name":"wp","href":"https:\/\/api.w.org\/{rel}","templated":true}]}}