{"id":893,"date":"2021-02-19T14:10:24","date_gmt":"2021-02-19T13:10:24","guid":{"rendered":"http:\/\/alorwp.op1\/?page_id=893"},"modified":"2022-03-01T12:51:45","modified_gmt":"2022-03-01T11:51:45","slug":"thimbles","status":"publish","type":"page","link":"https:\/\/www.alor.com.pl\/en\/offer\/thimbles\/","title":{"rendered":"Thimbles"},"content":{"rendered":"<p>for details\u00a0<strong>click<\/strong>\u00a0on the drawing<\/p>\n","protected":false},"excerpt":{"rendered":"<p>for details\u00a0click\u00a0on the drawing<\/p>\n","protected":false},"author":1,"featured_media":0,"parent":46,"menu_order":8,"comment_status":"closed","ping_status":"closed","template":"tmpl-offer.php","meta":{"footnotes":""},"class_list":["post-893","page","type-page","status-publish","hentry"],"yoast_head":"<!-- This site is optimized with the Yoast SEO plugin v15.8 - https:\/\/yoast.com\/wordpress\/plugins\/seo\/ -->\n<title>Thimbles - ALOR - liny, \u0142a\u0144cuchy, zawiesia, po\u0144czochy kablowe<\/title>\n<meta name=\"robots\" content=\"index, follow, max-snippet:-1, max-image-preview:large, max-video-preview:-1\" \/>\n<link rel=\"canonical\" href=\"https:\/\/www.alor.com.pl\/en\/offer\/thimbles\/\" \/>\n<meta property=\"og:locale\" content=\"en_US\" \/>\n<meta property=\"og:type\" content=\"article\" \/>\n<meta property=\"og:title\" content=\"Thimbles - ALOR - liny, \u0142a\u0144cuchy, zawiesia, po\u0144czochy kablowe\" \/>\n<meta property=\"og:description\" content=\"for details\u00a0click\u00a0on the drawing\" \/>\n<meta property=\"og:url\" content=\"https:\/\/www.alor.com.pl\/en\/offer\/thimbles\/\" \/>\n<meta property=\"og:site_name\" content=\"ALOR - liny, \u0142a\u0144cuchy, zawiesia, po\u0144czochy kablowe\" \/>\n<meta property=\"article:modified_time\" content=\"2022-03-01T11:51:45+00:00\" \/>\n<meta name=\"twitter:card\" content=\"summary_large_image\" \/>\n<meta name=\"twitter:label1\" content=\"Est. reading time\">\n\t<meta name=\"twitter:data1\" content=\"1 minute\">\n<script type=\"application\/ld+json\" class=\"yoast-schema-graph\">{\"@context\":\"https:\/\/schema.org\",\"@graph\":[{\"@type\":\"WebSite\",\"@id\":\"https:\/\/www.alor.com.pl\/en\/#website\",\"url\":\"https:\/\/www.alor.com.pl\/en\/\",\"name\":\"ALOR - liny, \\u0142a\\u0144cuchy, zawiesia, po\\u0144czochy kablowe\",\"description\":\"\",\"potentialAction\":[{\"@type\":\"SearchAction\",\"target\":\"https:\/\/www.alor.com.pl\/en\/?s={search_term_string}\",\"query-input\":\"required name=search_term_string\"}],\"inLanguage\":\"en-US\"},{\"@type\":\"WebPage\",\"@id\":\"https:\/\/www.alor.com.pl\/en\/offer\/thimbles\/#webpage\",\"url\":\"https:\/\/www.alor.com.pl\/en\/offer\/thimbles\/\",\"name\":\"Thimbles - ALOR - liny, \\u0142a\\u0144cuchy, zawiesia, po\\u0144czochy kablowe\",\"isPartOf\":{\"@id\":\"https:\/\/www.alor.com.pl\/en\/#website\"},\"datePublished\":\"2021-02-19T13:10:24+00:00\",\"dateModified\":\"2022-03-01T11:51:45+00:00\",\"breadcrumb\":{\"@id\":\"https:\/\/www.alor.com.pl\/en\/offer\/thimbles\/#breadcrumb\"},\"inLanguage\":\"en-US\",\"potentialAction\":[{\"@type\":\"ReadAction\",\"target\":[\"https:\/\/www.alor.com.pl\/en\/offer\/thimbles\/\"]}]},{\"@type\":\"BreadcrumbList\",\"@id\":\"https:\/\/www.alor.com.pl\/en\/offer\/thimbles\/#breadcrumb\",\"itemListElement\":[{\"@type\":\"ListItem\",\"position\":1,\"item\":{\"@type\":\"WebPage\",\"@id\":\"https:\/\/www.alor.com.pl\/en\/\",\"url\":\"https:\/\/www.alor.com.pl\/en\/\",\"name\":\"Strona g\\u0142\\u00f3wna\"}},{\"@type\":\"ListItem\",\"position\":2,\"item\":{\"@type\":\"WebPage\",\"@id\":\"https:\/\/www.alor.com.pl\/en\/offer\/\",\"url\":\"https:\/\/www.alor.com.pl\/en\/offer\/\",\"name\":\"Offer\"}},{\"@type\":\"ListItem\",\"position\":3,\"item\":{\"@type\":\"WebPage\",\"@id\":\"https:\/\/www.alor.com.pl\/en\/offer\/thimbles\/\",\"url\":\"https:\/\/www.alor.com.pl\/en\/offer\/thimbles\/\",\"name\":\"Thimbles\"}}]}]}<\/script>\n<!-- \/ Yoast SEO plugin. -->","_links":{"self":[{"href":"https:\/\/www.alor.com.pl\/en\/wp-json\/wp\/v2\/pages\/893","targetHints":{"allow":["GET"]}}],"collection":[{"href":"https:\/\/www.alor.com.pl\/en\/wp-json\/wp\/v2\/pages"}],"about":[{"href":"https:\/\/www.alor.com.pl\/en\/wp-json\/wp\/v2\/types\/page"}],"author":[{"embeddable":true,"href":"https:\/\/www.alor.com.pl\/en\/wp-json\/wp\/v2\/users\/1"}],"replies":[{"embeddable":true,"href":"https:\/\/www.alor.com.pl\/en\/wp-json\/wp\/v2\/comments?post=893"}],"version-history":[{"count":4,"href":"https:\/\/www.alor.com.pl\/en\/wp-json\/wp\/v2\/pages\/893\/revisions"}],"predecessor-version":[{"id":2291,"href":"https:\/\/www.alor.com.pl\/en\/wp-json\/wp\/v2\/pages\/893\/revisions\/2291"}],"up":[{"embeddable":true,"href":"https:\/\/www.alor.com.pl\/en\/wp-json\/wp\/v2\/pages\/46"}],"wp:attachment":[{"href":"https:\/\/www.alor.com.pl\/en\/wp-json\/wp\/v2\/media?parent=893"}],"curies":[{"name":"wp","href":"https:\/\/api.w.org\/{rel}","templated":true}]}}