{"id":885,"date":"2021-02-19T14:08:54","date_gmt":"2021-02-19T13:08:54","guid":{"rendered":"http:\/\/alorwp.op1\/?page_id=885"},"modified":"2025-09-03T11:34:23","modified_gmt":"2025-09-03T09:34:23","slug":"hooks","status":"publish","type":"page","link":"https:\/\/www.alor.com.pl\/en\/offer\/hooks\/","title":{"rendered":"Hooks"},"content":{"rendered":"<p>We offer a wide range of <strong>HOOKS<\/strong> made \u200b\u200bof different grades of steel. They are primarily used for the production of slings. In particular, we offer:<br \/>\n<strong>Eye, Clevis, Swivel, Self Locking, Grab, Foundry\u00a0<\/strong>and<strong>\u00a0<\/strong><strong>Latches for<\/strong><strong> hooks.<\/strong><\/p>\n<p>for details\u00a0<strong>click<\/strong>\u00a0on the drawing<\/p>\n","protected":false},"excerpt":{"rendered":"<p>We offer a wide range of HOOKS made \u200b\u200bof different grades of steel. They are primarily used for the production of slings. In particular, we offer: Eye, Clevis, Swivel, Self Locking, Grab, Foundry\u00a0and\u00a0Latches for hooks. for details\u00a0click\u00a0on the drawing<\/p>\n","protected":false},"author":1,"featured_media":0,"parent":46,"menu_order":4,"comment_status":"closed","ping_status":"closed","template":"tmpl-offer.php","meta":{"footnotes":""},"class_list":["post-885","page","type-page","status-publish","hentry"],"yoast_head":"<!-- This site is optimized with the Yoast SEO plugin v15.8 - https:\/\/yoast.com\/wordpress\/plugins\/seo\/ -->\n<title>Hooks - ALOR - liny, \u0142a\u0144cuchy, zawiesia, po\u0144czochy kablowe<\/title>\n<meta name=\"robots\" content=\"index, follow, max-snippet:-1, max-image-preview:large, max-video-preview:-1\" \/>\n<link rel=\"canonical\" href=\"https:\/\/www.alor.com.pl\/en\/offer\/hooks\/\" \/>\n<meta property=\"og:locale\" content=\"en_US\" \/>\n<meta property=\"og:type\" content=\"article\" \/>\n<meta property=\"og:title\" content=\"Hooks - ALOR - liny, \u0142a\u0144cuchy, zawiesia, po\u0144czochy kablowe\" \/>\n<meta property=\"og:description\" content=\"We offer a wide range of HOOKS made \u200b\u200bof different grades of steel. They are primarily used for the production of slings. In particular, we offer: Eye, Clevis, Swivel, Self Locking, Grab, Foundry\u00a0and\u00a0Latches for hooks. for details\u00a0click\u00a0on the drawing\" \/>\n<meta property=\"og:url\" content=\"https:\/\/www.alor.com.pl\/en\/offer\/hooks\/\" \/>\n<meta property=\"og:site_name\" content=\"ALOR - liny, \u0142a\u0144cuchy, zawiesia, po\u0144czochy kablowe\" \/>\n<meta property=\"article:modified_time\" content=\"2025-09-03T09:34:23+00:00\" \/>\n<meta name=\"twitter:card\" content=\"summary_large_image\" \/>\n<meta name=\"twitter:label1\" content=\"Est. reading time\">\n\t<meta name=\"twitter:data1\" content=\"1 minute\">\n<script type=\"application\/ld+json\" class=\"yoast-schema-graph\">{\"@context\":\"https:\/\/schema.org\",\"@graph\":[{\"@type\":\"WebSite\",\"@id\":\"https:\/\/www.alor.com.pl\/en\/#website\",\"url\":\"https:\/\/www.alor.com.pl\/en\/\",\"name\":\"ALOR - liny, \\u0142a\\u0144cuchy, zawiesia, po\\u0144czochy kablowe\",\"description\":\"\",\"potentialAction\":[{\"@type\":\"SearchAction\",\"target\":\"https:\/\/www.alor.com.pl\/en\/?s={search_term_string}\",\"query-input\":\"required name=search_term_string\"}],\"inLanguage\":\"en-US\"},{\"@type\":\"WebPage\",\"@id\":\"https:\/\/www.alor.com.pl\/en\/offer\/hooks\/#webpage\",\"url\":\"https:\/\/www.alor.com.pl\/en\/offer\/hooks\/\",\"name\":\"Hooks - ALOR - liny, \\u0142a\\u0144cuchy, zawiesia, po\\u0144czochy kablowe\",\"isPartOf\":{\"@id\":\"https:\/\/www.alor.com.pl\/en\/#website\"},\"datePublished\":\"2021-02-19T13:08:54+00:00\",\"dateModified\":\"2025-09-03T09:34:23+00:00\",\"breadcrumb\":{\"@id\":\"https:\/\/www.alor.com.pl\/en\/offer\/hooks\/#breadcrumb\"},\"inLanguage\":\"en-US\",\"potentialAction\":[{\"@type\":\"ReadAction\",\"target\":[\"https:\/\/www.alor.com.pl\/en\/offer\/hooks\/\"]}]},{\"@type\":\"BreadcrumbList\",\"@id\":\"https:\/\/www.alor.com.pl\/en\/offer\/hooks\/#breadcrumb\",\"itemListElement\":[{\"@type\":\"ListItem\",\"position\":1,\"item\":{\"@type\":\"WebPage\",\"@id\":\"https:\/\/www.alor.com.pl\/en\/\",\"url\":\"https:\/\/www.alor.com.pl\/en\/\",\"name\":\"Strona g\\u0142\\u00f3wna\"}},{\"@type\":\"ListItem\",\"position\":2,\"item\":{\"@type\":\"WebPage\",\"@id\":\"https:\/\/www.alor.com.pl\/en\/offer\/\",\"url\":\"https:\/\/www.alor.com.pl\/en\/offer\/\",\"name\":\"Offer\"}},{\"@type\":\"ListItem\",\"position\":3,\"item\":{\"@type\":\"WebPage\",\"@id\":\"https:\/\/www.alor.com.pl\/en\/offer\/hooks\/\",\"url\":\"https:\/\/www.alor.com.pl\/en\/offer\/hooks\/\",\"name\":\"Hooks\"}}]}]}<\/script>\n<!-- \/ Yoast SEO plugin. -->","_links":{"self":[{"href":"https:\/\/www.alor.com.pl\/en\/wp-json\/wp\/v2\/pages\/885","targetHints":{"allow":["GET"]}}],"collection":[{"href":"https:\/\/www.alor.com.pl\/en\/wp-json\/wp\/v2\/pages"}],"about":[{"href":"https:\/\/www.alor.com.pl\/en\/wp-json\/wp\/v2\/types\/page"}],"author":[{"embeddable":true,"href":"https:\/\/www.alor.com.pl\/en\/wp-json\/wp\/v2\/users\/1"}],"replies":[{"embeddable":true,"href":"https:\/\/www.alor.com.pl\/en\/wp-json\/wp\/v2\/comments?post=885"}],"version-history":[{"count":24,"href":"https:\/\/www.alor.com.pl\/en\/wp-json\/wp\/v2\/pages\/885\/revisions"}],"predecessor-version":[{"id":3398,"href":"https:\/\/www.alor.com.pl\/en\/wp-json\/wp\/v2\/pages\/885\/revisions\/3398"}],"up":[{"embeddable":true,"href":"https:\/\/www.alor.com.pl\/en\/wp-json\/wp\/v2\/pages\/46"}],"wp:attachment":[{"href":"https:\/\/www.alor.com.pl\/en\/wp-json\/wp\/v2\/media?parent=885"}],"curies":[{"name":"wp","href":"https:\/\/api.w.org\/{rel}","templated":true}]}}