{"id":881,"date":"2021-02-19T14:08:03","date_gmt":"2021-02-19T13:08:03","guid":{"rendered":"http:\/\/alorwp.op1\/?page_id=881"},"modified":"2025-12-09T14:22:10","modified_gmt":"2025-12-09T13:22:10","slug":"chains","status":"publish","type":"page","link":"https:\/\/www.alor.com.pl\/en\/offer\/chains\/","title":{"rendered":"Chains"},"content":{"rendered":"<p>We offer <strong>LINK<\/strong><strong> CHAINS<\/strong> made \u200b\u200bof different types of steel. In particular, we recommend:<br \/>\n<strong>Grade 80 and Grade 100 Chains<\/strong><br \/>\n<strong>Galvanized and Stainless Steel Chains<\/strong> (for general use)<\/p>\n<p>for details <strong>click<\/strong> on the drawing<\/p>\n","protected":false},"excerpt":{"rendered":"<p>We offer LINK CHAINS made \u200b\u200bof different types of steel. In particular, we recommend: Grade 80 and Grade 100 Chains Galvanized and Stainless Steel Chains (for general use) for details click on the drawing<\/p>\n","protected":false},"author":1,"featured_media":0,"parent":46,"menu_order":2,"comment_status":"closed","ping_status":"closed","template":"tmpl-offer.php","meta":{"footnotes":""},"class_list":["post-881","page","type-page","status-publish","hentry"],"yoast_head":"<!-- This site is optimized with the Yoast SEO plugin v15.8 - https:\/\/yoast.com\/wordpress\/plugins\/seo\/ -->\n<title>Chains - ALOR - liny, \u0142a\u0144cuchy, zawiesia, po\u0144czochy kablowe<\/title>\n<meta name=\"robots\" content=\"index, follow, max-snippet:-1, max-image-preview:large, max-video-preview:-1\" \/>\n<link rel=\"canonical\" href=\"https:\/\/www.alor.com.pl\/en\/offer\/chains\/\" \/>\n<meta property=\"og:locale\" content=\"en_US\" \/>\n<meta property=\"og:type\" content=\"article\" \/>\n<meta property=\"og:title\" content=\"Chains - ALOR - liny, \u0142a\u0144cuchy, zawiesia, po\u0144czochy kablowe\" \/>\n<meta property=\"og:description\" content=\"We offer LINK CHAINS made \u200b\u200bof different types of steel. In particular, we recommend: Grade 80 and Grade 100 Chains Galvanized and Stainless Steel Chains (for general use) for details click on the drawing\" \/>\n<meta property=\"og:url\" content=\"https:\/\/www.alor.com.pl\/en\/offer\/chains\/\" \/>\n<meta property=\"og:site_name\" content=\"ALOR - liny, \u0142a\u0144cuchy, zawiesia, po\u0144czochy kablowe\" \/>\n<meta property=\"article:modified_time\" content=\"2025-12-09T13:22:10+00:00\" \/>\n<meta name=\"twitter:card\" content=\"summary_large_image\" \/>\n<meta name=\"twitter:label1\" content=\"Est. reading time\">\n\t<meta name=\"twitter:data1\" content=\"1 minute\">\n<script type=\"application\/ld+json\" class=\"yoast-schema-graph\">{\"@context\":\"https:\/\/schema.org\",\"@graph\":[{\"@type\":\"WebSite\",\"@id\":\"https:\/\/www.alor.com.pl\/en\/#website\",\"url\":\"https:\/\/www.alor.com.pl\/en\/\",\"name\":\"ALOR - liny, \\u0142a\\u0144cuchy, zawiesia, po\\u0144czochy kablowe\",\"description\":\"\",\"potentialAction\":[{\"@type\":\"SearchAction\",\"target\":\"https:\/\/www.alor.com.pl\/en\/?s={search_term_string}\",\"query-input\":\"required name=search_term_string\"}],\"inLanguage\":\"en-US\"},{\"@type\":\"WebPage\",\"@id\":\"https:\/\/www.alor.com.pl\/en\/offer\/chains\/#webpage\",\"url\":\"https:\/\/www.alor.com.pl\/en\/offer\/chains\/\",\"name\":\"Chains - ALOR - liny, \\u0142a\\u0144cuchy, zawiesia, po\\u0144czochy kablowe\",\"isPartOf\":{\"@id\":\"https:\/\/www.alor.com.pl\/en\/#website\"},\"datePublished\":\"2021-02-19T13:08:03+00:00\",\"dateModified\":\"2025-12-09T13:22:10+00:00\",\"breadcrumb\":{\"@id\":\"https:\/\/www.alor.com.pl\/en\/offer\/chains\/#breadcrumb\"},\"inLanguage\":\"en-US\",\"potentialAction\":[{\"@type\":\"ReadAction\",\"target\":[\"https:\/\/www.alor.com.pl\/en\/offer\/chains\/\"]}]},{\"@type\":\"BreadcrumbList\",\"@id\":\"https:\/\/www.alor.com.pl\/en\/offer\/chains\/#breadcrumb\",\"itemListElement\":[{\"@type\":\"ListItem\",\"position\":1,\"item\":{\"@type\":\"WebPage\",\"@id\":\"https:\/\/www.alor.com.pl\/en\/\",\"url\":\"https:\/\/www.alor.com.pl\/en\/\",\"name\":\"Strona g\\u0142\\u00f3wna\"}},{\"@type\":\"ListItem\",\"position\":2,\"item\":{\"@type\":\"WebPage\",\"@id\":\"https:\/\/www.alor.com.pl\/en\/offer\/\",\"url\":\"https:\/\/www.alor.com.pl\/en\/offer\/\",\"name\":\"Offer\"}},{\"@type\":\"ListItem\",\"position\":3,\"item\":{\"@type\":\"WebPage\",\"@id\":\"https:\/\/www.alor.com.pl\/en\/offer\/chains\/\",\"url\":\"https:\/\/www.alor.com.pl\/en\/offer\/chains\/\",\"name\":\"Chains\"}}]}]}<\/script>\n<!-- \/ Yoast SEO plugin. -->","_links":{"self":[{"href":"https:\/\/www.alor.com.pl\/en\/wp-json\/wp\/v2\/pages\/881","targetHints":{"allow":["GET"]}}],"collection":[{"href":"https:\/\/www.alor.com.pl\/en\/wp-json\/wp\/v2\/pages"}],"about":[{"href":"https:\/\/www.alor.com.pl\/en\/wp-json\/wp\/v2\/types\/page"}],"author":[{"embeddable":true,"href":"https:\/\/www.alor.com.pl\/en\/wp-json\/wp\/v2\/users\/1"}],"replies":[{"embeddable":true,"href":"https:\/\/www.alor.com.pl\/en\/wp-json\/wp\/v2\/comments?post=881"}],"version-history":[{"count":19,"href":"https:\/\/www.alor.com.pl\/en\/wp-json\/wp\/v2\/pages\/881\/revisions"}],"predecessor-version":[{"id":3590,"href":"https:\/\/www.alor.com.pl\/en\/wp-json\/wp\/v2\/pages\/881\/revisions\/3590"}],"up":[{"embeddable":true,"href":"https:\/\/www.alor.com.pl\/en\/wp-json\/wp\/v2\/pages\/46"}],"wp:attachment":[{"href":"https:\/\/www.alor.com.pl\/en\/wp-json\/wp\/v2\/media?parent=881"}],"curies":[{"name":"wp","href":"https:\/\/api.w.org\/{rel}","templated":true}]}}