{"id":44,"date":"2021-02-17T10:54:01","date_gmt":"2021-02-17T09:54:01","guid":{"rendered":"http:\/\/alorwp.op1\/?page_id=44"},"modified":"2022-09-14T09:38:31","modified_gmt":"2022-09-14T07:38:31","slug":"about-us","status":"publish","type":"page","link":"https:\/\/www.alor.com.pl\/en\/about-us\/","title":{"rendered":"About Us"},"content":{"rendered":"<p>The origins of the company date back to year 1983. At that time we launched first twister to produce wire rope strands. In 1986 we had a few stranding machines built by ourselves, which worked in garages at Grzybowska 47 street in Warsaw. As a private company in socialist economy we could not develop further.<\/p>\n<p>The year 1989 gave impetus to the development. In the 90&#8217;s a new production facility and warehouse was built near Warsaw. We opened a shop and an office in Warsaw at Grzybowska 16\/22 street.<\/p>\n<p>For forty years we have built from scratch a company which daily distributes many tons of cargo and has regular customers in over a dozen European countries.<\/p>\n<p>In May, 2014 we moved to a new location in Kolonia Lesznowola, Post\u0119pu in the outskirts of Warsaw, near the expressway S7 node. In the new workplace we have modern office and high-storage warehouse with a total capacity of more than 10.000 m<sup>3<\/sup>.<\/p>\n","protected":false},"excerpt":{"rendered":"<p>The origins of the company date back to year 1983. At that time we launched first twister to produce wire rope strands. In 1986 we had a few stranding machines built by ourselves, which worked in garages at Grzybowska 47 street in Warsaw. As a private company in socialist economy we could not develop further. [&hellip;]<\/p>\n","protected":false},"author":1,"featured_media":0,"parent":0,"menu_order":4,"comment_status":"closed","ping_status":"closed","template":"tmpl-about.php","meta":{"footnotes":""},"class_list":["post-44","page","type-page","status-publish","hentry"],"yoast_head":"<!-- This site is optimized with the Yoast SEO plugin v15.8 - https:\/\/yoast.com\/wordpress\/plugins\/seo\/ -->\n<title>About Us - ALOR - liny, \u0142a\u0144cuchy, zawiesia, po\u0144czochy kablowe<\/title>\n<meta name=\"robots\" content=\"index, follow, max-snippet:-1, max-image-preview:large, max-video-preview:-1\" \/>\n<link rel=\"canonical\" href=\"https:\/\/www.alor.com.pl\/en\/about-us\/\" \/>\n<meta property=\"og:locale\" content=\"en_US\" \/>\n<meta property=\"og:type\" content=\"article\" \/>\n<meta property=\"og:title\" content=\"About Us - ALOR - liny, \u0142a\u0144cuchy, zawiesia, po\u0144czochy kablowe\" \/>\n<meta property=\"og:description\" content=\"The origins of the company date back to year 1983. At that time we launched first twister to produce wire rope strands. In 1986 we had a few stranding machines built by ourselves, which worked in garages at Grzybowska 47 street in Warsaw. As a private company in socialist economy we could not develop further. [&hellip;]\" \/>\n<meta property=\"og:url\" content=\"https:\/\/www.alor.com.pl\/en\/about-us\/\" \/>\n<meta property=\"og:site_name\" content=\"ALOR - liny, \u0142a\u0144cuchy, zawiesia, po\u0144czochy kablowe\" \/>\n<meta property=\"article:modified_time\" content=\"2022-09-14T07:38:31+00:00\" \/>\n<meta name=\"twitter:card\" content=\"summary_large_image\" \/>\n<meta name=\"twitter:label1\" content=\"Est. reading time\">\n\t<meta name=\"twitter:data1\" content=\"1 minute\">\n<script type=\"application\/ld+json\" class=\"yoast-schema-graph\">{\"@context\":\"https:\/\/schema.org\",\"@graph\":[{\"@type\":\"WebSite\",\"@id\":\"https:\/\/www.alor.com.pl\/en\/#website\",\"url\":\"https:\/\/www.alor.com.pl\/en\/\",\"name\":\"ALOR - liny, \\u0142a\\u0144cuchy, zawiesia, po\\u0144czochy kablowe\",\"description\":\"\",\"potentialAction\":[{\"@type\":\"SearchAction\",\"target\":\"https:\/\/www.alor.com.pl\/en\/?s={search_term_string}\",\"query-input\":\"required name=search_term_string\"}],\"inLanguage\":\"en-US\"},{\"@type\":\"WebPage\",\"@id\":\"https:\/\/www.alor.com.pl\/en\/about-us\/#webpage\",\"url\":\"https:\/\/www.alor.com.pl\/en\/about-us\/\",\"name\":\"About Us - ALOR - liny, \\u0142a\\u0144cuchy, zawiesia, po\\u0144czochy kablowe\",\"isPartOf\":{\"@id\":\"https:\/\/www.alor.com.pl\/en\/#website\"},\"datePublished\":\"2021-02-17T09:54:01+00:00\",\"dateModified\":\"2022-09-14T07:38:31+00:00\",\"breadcrumb\":{\"@id\":\"https:\/\/www.alor.com.pl\/en\/about-us\/#breadcrumb\"},\"inLanguage\":\"en-US\",\"potentialAction\":[{\"@type\":\"ReadAction\",\"target\":[\"https:\/\/www.alor.com.pl\/en\/about-us\/\"]}]},{\"@type\":\"BreadcrumbList\",\"@id\":\"https:\/\/www.alor.com.pl\/en\/about-us\/#breadcrumb\",\"itemListElement\":[{\"@type\":\"ListItem\",\"position\":1,\"item\":{\"@type\":\"WebPage\",\"@id\":\"https:\/\/www.alor.com.pl\/en\/\",\"url\":\"https:\/\/www.alor.com.pl\/en\/\",\"name\":\"Strona g\\u0142\\u00f3wna\"}},{\"@type\":\"ListItem\",\"position\":2,\"item\":{\"@type\":\"WebPage\",\"@id\":\"https:\/\/www.alor.com.pl\/en\/about-us\/\",\"url\":\"https:\/\/www.alor.com.pl\/en\/about-us\/\",\"name\":\"About Us\"}}]}]}<\/script>\n<!-- \/ Yoast SEO plugin. -->","_links":{"self":[{"href":"https:\/\/www.alor.com.pl\/en\/wp-json\/wp\/v2\/pages\/44","targetHints":{"allow":["GET"]}}],"collection":[{"href":"https:\/\/www.alor.com.pl\/en\/wp-json\/wp\/v2\/pages"}],"about":[{"href":"https:\/\/www.alor.com.pl\/en\/wp-json\/wp\/v2\/types\/page"}],"author":[{"embeddable":true,"href":"https:\/\/www.alor.com.pl\/en\/wp-json\/wp\/v2\/users\/1"}],"replies":[{"embeddable":true,"href":"https:\/\/www.alor.com.pl\/en\/wp-json\/wp\/v2\/comments?post=44"}],"version-history":[{"count":7,"href":"https:\/\/www.alor.com.pl\/en\/wp-json\/wp\/v2\/pages\/44\/revisions"}],"predecessor-version":[{"id":2683,"href":"https:\/\/www.alor.com.pl\/en\/wp-json\/wp\/v2\/pages\/44\/revisions\/2683"}],"wp:attachment":[{"href":"https:\/\/www.alor.com.pl\/en\/wp-json\/wp\/v2\/media?parent=44"}],"curies":[{"name":"wp","href":"https:\/\/api.w.org\/{rel}","templated":true}]}}