{"id":41,"date":"2021-02-17T10:52:40","date_gmt":"2021-02-17T09:52:40","guid":{"rendered":"http:\/\/alorwp.op1\/?page_id=41"},"modified":"2022-03-02T12:13:47","modified_gmt":"2022-03-02T11:13:47","slug":"contact","status":"publish","type":"page","link":"https:\/\/www.alor.com.pl\/en\/contact\/","title":{"rendered":"Contact"},"content":{"rendered":"<ul>\n<li><strong>Sales<\/strong>:<\/li>\n<li>Mon-Fri: 7:00 &#8211; 17:00<\/li>\n<li>(7:00 am &#8211; 5:00 pm, winter UTC+1:00\/ summer UTC+2:00)<\/li>\n<\/ul>\n<ul>\n<li>Post\u0119pu 14A<\/li>\n<li>05-506 Kolonia Lesznowola<\/li>\n<\/ul>\n<ul>\n<li>tel.: <a href=\"tel:+48-22-620-23-17\">+48 22 620 23 17<\/a><\/li>\n<li>email: <a href=\"mailto:alor@alor.com.pl\">alor@alor.com.pl<\/a><\/li>\n<\/ul>\n<p><b>Welcome!<\/b><\/p>\n","protected":false},"excerpt":{"rendered":"<p>Sales: Mon-Fri: 7:00 &#8211; 17:00 (7:00 am &#8211; 5:00 pm, winter UTC+1:00\/ summer UTC+2:00) Post\u0119pu 14A 05-506 Kolonia Lesznowola tel.: +48 22 620 23 17 email: alor@alor.com.pl Welcome!<\/p>\n","protected":false},"author":1,"featured_media":0,"parent":0,"menu_order":14,"comment_status":"closed","ping_status":"closed","template":"tmpl-contact.php","meta":{"footnotes":""},"class_list":["post-41","page","type-page","status-publish","hentry"],"yoast_head":"<!-- This site is optimized with the Yoast SEO plugin v15.8 - https:\/\/yoast.com\/wordpress\/plugins\/seo\/ -->\n<title>Contact - ALOR - liny, \u0142a\u0144cuchy, zawiesia, po\u0144czochy kablowe<\/title>\n<meta name=\"robots\" content=\"index, follow, max-snippet:-1, max-image-preview:large, max-video-preview:-1\" \/>\n<link rel=\"canonical\" href=\"https:\/\/www.alor.com.pl\/en\/contact\/\" \/>\n<meta property=\"og:locale\" content=\"en_US\" \/>\n<meta property=\"og:type\" content=\"article\" \/>\n<meta property=\"og:title\" content=\"Contact - ALOR - liny, \u0142a\u0144cuchy, zawiesia, po\u0144czochy kablowe\" \/>\n<meta property=\"og:description\" content=\"Sales: Mon-Fri: 7:00 &#8211; 17:00 (7:00 am &#8211; 5:00 pm, winter UTC+1:00\/ summer UTC+2:00) Post\u0119pu 14A 05-506 Kolonia Lesznowola tel.: +48 22 620 23 17 email: alor@alor.com.pl Welcome!\" \/>\n<meta property=\"og:url\" content=\"https:\/\/www.alor.com.pl\/en\/contact\/\" \/>\n<meta property=\"og:site_name\" content=\"ALOR - liny, \u0142a\u0144cuchy, zawiesia, po\u0144czochy kablowe\" \/>\n<meta property=\"article:modified_time\" content=\"2022-03-02T11:13:47+00:00\" \/>\n<meta name=\"twitter:card\" content=\"summary_large_image\" \/>\n<meta name=\"twitter:label1\" content=\"Est. reading time\">\n\t<meta name=\"twitter:data1\" content=\"1 minute\">\n<script type=\"application\/ld+json\" class=\"yoast-schema-graph\">{\"@context\":\"https:\/\/schema.org\",\"@graph\":[{\"@type\":\"WebSite\",\"@id\":\"https:\/\/www.alor.com.pl\/en\/#website\",\"url\":\"https:\/\/www.alor.com.pl\/en\/\",\"name\":\"ALOR - liny, \\u0142a\\u0144cuchy, zawiesia, po\\u0144czochy kablowe\",\"description\":\"\",\"potentialAction\":[{\"@type\":\"SearchAction\",\"target\":\"https:\/\/www.alor.com.pl\/en\/?s={search_term_string}\",\"query-input\":\"required name=search_term_string\"}],\"inLanguage\":\"en-US\"},{\"@type\":\"WebPage\",\"@id\":\"https:\/\/www.alor.com.pl\/en\/contact\/#webpage\",\"url\":\"https:\/\/www.alor.com.pl\/en\/contact\/\",\"name\":\"Contact - ALOR - liny, \\u0142a\\u0144cuchy, zawiesia, po\\u0144czochy kablowe\",\"isPartOf\":{\"@id\":\"https:\/\/www.alor.com.pl\/en\/#website\"},\"datePublished\":\"2021-02-17T09:52:40+00:00\",\"dateModified\":\"2022-03-02T11:13:47+00:00\",\"breadcrumb\":{\"@id\":\"https:\/\/www.alor.com.pl\/en\/contact\/#breadcrumb\"},\"inLanguage\":\"en-US\",\"potentialAction\":[{\"@type\":\"ReadAction\",\"target\":[\"https:\/\/www.alor.com.pl\/en\/contact\/\"]}]},{\"@type\":\"BreadcrumbList\",\"@id\":\"https:\/\/www.alor.com.pl\/en\/contact\/#breadcrumb\",\"itemListElement\":[{\"@type\":\"ListItem\",\"position\":1,\"item\":{\"@type\":\"WebPage\",\"@id\":\"https:\/\/www.alor.com.pl\/en\/\",\"url\":\"https:\/\/www.alor.com.pl\/en\/\",\"name\":\"Strona g\\u0142\\u00f3wna\"}},{\"@type\":\"ListItem\",\"position\":2,\"item\":{\"@type\":\"WebPage\",\"@id\":\"https:\/\/www.alor.com.pl\/en\/contact\/\",\"url\":\"https:\/\/www.alor.com.pl\/en\/contact\/\",\"name\":\"Contact\"}}]}]}<\/script>\n<!-- \/ Yoast SEO plugin. -->","_links":{"self":[{"href":"https:\/\/www.alor.com.pl\/en\/wp-json\/wp\/v2\/pages\/41","targetHints":{"allow":["GET"]}}],"collection":[{"href":"https:\/\/www.alor.com.pl\/en\/wp-json\/wp\/v2\/pages"}],"about":[{"href":"https:\/\/www.alor.com.pl\/en\/wp-json\/wp\/v2\/types\/page"}],"author":[{"embeddable":true,"href":"https:\/\/www.alor.com.pl\/en\/wp-json\/wp\/v2\/users\/1"}],"replies":[{"embeddable":true,"href":"https:\/\/www.alor.com.pl\/en\/wp-json\/wp\/v2\/comments?post=41"}],"version-history":[{"count":8,"href":"https:\/\/www.alor.com.pl\/en\/wp-json\/wp\/v2\/pages\/41\/revisions"}],"predecessor-version":[{"id":2350,"href":"https:\/\/www.alor.com.pl\/en\/wp-json\/wp\/v2\/pages\/41\/revisions\/2350"}],"wp:attachment":[{"href":"https:\/\/www.alor.com.pl\/en\/wp-json\/wp\/v2\/media?parent=41"}],"curies":[{"name":"wp","href":"https:\/\/api.w.org\/{rel}","templated":true}]}}