{"id":2147,"date":"2022-02-10T15:37:33","date_gmt":"2022-02-10T14:37:33","guid":{"rendered":"http:\/\/newsite.alor.com.pl\/?page_id=2147"},"modified":"2022-11-25T14:07:29","modified_gmt":"2022-11-25T13:07:29","slug":"cable-grips","status":"publish","type":"page","link":"https:\/\/www.alor.com.pl\/en\/offer\/cable-grips\/","title":{"rendered":"Cable grips"},"content":{"rendered":"<p>for details click on the drawing<\/p>\n","protected":false},"excerpt":{"rendered":"<p>for details click on the drawing<\/p>\n","protected":false},"author":1,"featured_media":0,"parent":46,"menu_order":14,"comment_status":"closed","ping_status":"closed","template":"tmpl-offer.php","meta":{"footnotes":""},"class_list":["post-2147","page","type-page","status-publish","hentry"],"yoast_head":"<!-- This site is optimized with the Yoast SEO plugin v15.8 - https:\/\/yoast.com\/wordpress\/plugins\/seo\/ -->\n<title>Cable grips - ALOR - liny, \u0142a\u0144cuchy, zawiesia, po\u0144czochy kablowe<\/title>\n<meta name=\"robots\" content=\"index, follow, max-snippet:-1, max-image-preview:large, max-video-preview:-1\" \/>\n<link rel=\"canonical\" href=\"https:\/\/www.alor.com.pl\/en\/offer\/cable-grips\/\" \/>\n<meta property=\"og:locale\" content=\"en_US\" \/>\n<meta property=\"og:type\" content=\"article\" \/>\n<meta property=\"og:title\" content=\"Cable grips - ALOR - liny, \u0142a\u0144cuchy, zawiesia, po\u0144czochy kablowe\" \/>\n<meta property=\"og:description\" content=\"for details click on the drawing\" \/>\n<meta property=\"og:url\" content=\"https:\/\/www.alor.com.pl\/en\/offer\/cable-grips\/\" \/>\n<meta property=\"og:site_name\" content=\"ALOR - liny, \u0142a\u0144cuchy, zawiesia, po\u0144czochy kablowe\" \/>\n<meta property=\"article:modified_time\" content=\"2022-11-25T13:07:29+00:00\" \/>\n<meta name=\"twitter:card\" content=\"summary_large_image\" \/>\n<meta name=\"twitter:label1\" content=\"Est. reading time\">\n\t<meta name=\"twitter:data1\" content=\"1 minute\">\n<script type=\"application\/ld+json\" class=\"yoast-schema-graph\">{\"@context\":\"https:\/\/schema.org\",\"@graph\":[{\"@type\":\"WebSite\",\"@id\":\"https:\/\/www.alor.com.pl\/en\/#website\",\"url\":\"https:\/\/www.alor.com.pl\/en\/\",\"name\":\"ALOR - liny, \\u0142a\\u0144cuchy, zawiesia, po\\u0144czochy kablowe\",\"description\":\"\",\"potentialAction\":[{\"@type\":\"SearchAction\",\"target\":\"https:\/\/www.alor.com.pl\/en\/?s={search_term_string}\",\"query-input\":\"required name=search_term_string\"}],\"inLanguage\":\"en-US\"},{\"@type\":\"WebPage\",\"@id\":\"https:\/\/www.alor.com.pl\/en\/offer\/cable-grips\/#webpage\",\"url\":\"https:\/\/www.alor.com.pl\/en\/offer\/cable-grips\/\",\"name\":\"Cable grips - ALOR - liny, \\u0142a\\u0144cuchy, zawiesia, po\\u0144czochy kablowe\",\"isPartOf\":{\"@id\":\"https:\/\/www.alor.com.pl\/en\/#website\"},\"datePublished\":\"2022-02-10T14:37:33+00:00\",\"dateModified\":\"2022-11-25T13:07:29+00:00\",\"breadcrumb\":{\"@id\":\"https:\/\/www.alor.com.pl\/en\/offer\/cable-grips\/#breadcrumb\"},\"inLanguage\":\"en-US\",\"potentialAction\":[{\"@type\":\"ReadAction\",\"target\":[\"https:\/\/www.alor.com.pl\/en\/offer\/cable-grips\/\"]}]},{\"@type\":\"BreadcrumbList\",\"@id\":\"https:\/\/www.alor.com.pl\/en\/offer\/cable-grips\/#breadcrumb\",\"itemListElement\":[{\"@type\":\"ListItem\",\"position\":1,\"item\":{\"@type\":\"WebPage\",\"@id\":\"https:\/\/www.alor.com.pl\/en\/\",\"url\":\"https:\/\/www.alor.com.pl\/en\/\",\"name\":\"Strona g\\u0142\\u00f3wna\"}},{\"@type\":\"ListItem\",\"position\":2,\"item\":{\"@type\":\"WebPage\",\"@id\":\"https:\/\/www.alor.com.pl\/en\/offer\/\",\"url\":\"https:\/\/www.alor.com.pl\/en\/offer\/\",\"name\":\"Offer\"}},{\"@type\":\"ListItem\",\"position\":3,\"item\":{\"@type\":\"WebPage\",\"@id\":\"https:\/\/www.alor.com.pl\/en\/offer\/cable-grips\/\",\"url\":\"https:\/\/www.alor.com.pl\/en\/offer\/cable-grips\/\",\"name\":\"Cable grips\"}}]}]}<\/script>\n<!-- \/ Yoast SEO plugin. -->","_links":{"self":[{"href":"https:\/\/www.alor.com.pl\/en\/wp-json\/wp\/v2\/pages\/2147","targetHints":{"allow":["GET"]}}],"collection":[{"href":"https:\/\/www.alor.com.pl\/en\/wp-json\/wp\/v2\/pages"}],"about":[{"href":"https:\/\/www.alor.com.pl\/en\/wp-json\/wp\/v2\/types\/page"}],"author":[{"embeddable":true,"href":"https:\/\/www.alor.com.pl\/en\/wp-json\/wp\/v2\/users\/1"}],"replies":[{"embeddable":true,"href":"https:\/\/www.alor.com.pl\/en\/wp-json\/wp\/v2\/comments?post=2147"}],"version-history":[{"count":8,"href":"https:\/\/www.alor.com.pl\/en\/wp-json\/wp\/v2\/pages\/2147\/revisions"}],"predecessor-version":[{"id":2724,"href":"https:\/\/www.alor.com.pl\/en\/wp-json\/wp\/v2\/pages\/2147\/revisions\/2724"}],"up":[{"embeddable":true,"href":"https:\/\/www.alor.com.pl\/en\/wp-json\/wp\/v2\/pages\/46"}],"wp:attachment":[{"href":"https:\/\/www.alor.com.pl\/en\/wp-json\/wp\/v2\/media?parent=2147"}],"curies":[{"name":"wp","href":"https:\/\/api.w.org\/{rel}","templated":true}]}}